{"id":740,"date":"2023-11-01T19:34:09","date_gmt":"2023-11-01T22:34:09","guid":{"rendered":"https:\/\/trunkuruguay.com\/?post_type=product&#038;p=740"},"modified":"2025-08-27T16:37:32","modified_gmt":"2025-08-27T19:37:32","slug":"ruedas-carbono-especiales-se-traen-por-encargo-contactanos","status":"publish","type":"product","link":"https:\/\/trunkuruguay.com\/index.php\/product\/ruedas-carbono-especiales-se-traen-por-encargo-contactanos\/","title":{"rendered":"Ruedas ICAN Carbono para Especialidades &#8211; (Se Traen por Encargo &#8211; Cont\u00e1ctanos)"},"content":{"rendered":"<p>Traemos por Encargo una Amplia Gama de Ruedas en Fibra de Carbono Especiales.<\/p>\n<ul>\n<li>Ruta\/Gravel para Freno de Disco\/Rim, en Variedad de Perfiles y Anchos.<\/li>\n<li>Ruedas Especiales Para Crono de 3 y 5 Rayos \/ Carbon Disc.<\/li>\n<li>Ruedas Para Pista.<\/li>\n<\/ul>\n<p>No dudes en hacer tu consulta.<\/p>\n<p>&#8212;&#8212;&#8212;&#8212;&#8212;&#8212;&#8212;&#8212;&#8212;&#8212;&#8212;&#8212;&#8212;&#8212;&#8212;&#8212;&#8212;&#8212;&#8212;&#8212;&#8212;&#8212;&#8212;&#8212;&#8212;&#8212;&#8212;&#8212;&#8212;&#8212;&#8212;-<\/p>\n<p>TRUNKURUGUAY &#8211; Material de competici\u00f3n.<\/p>\n<ul>\n<li>Tienda ONLINE.<\/li>\n<li>ENV\u00cdOS A TODO EL PAIS.<\/li>\n<li>Pick Up para retiro, previa coordinaci\u00f3n (Lunes a viernes de 9:00 a 18:00 Hs).<\/li>\n<\/ul>\n<p>&#8212;&#8212;&#8212;&#8212;&#8212;&#8212;&#8212;&#8212;&#8212;&#8212;&#8212;&#8212;&#8212;&#8212;&#8212;&#8212;&#8212;&#8212;&#8212;&#8212;&#8212;&#8212;&#8212;&#8212;&#8212;&#8212;&#8212;&#8212;&#8212;&#8212;&#8212;-<\/p>\n<p>METODOS DE PAGO.<\/p>\n<p>EN NUESTRA WEB:<\/p>\n<ul>\n<li>Tarjetas de cr\u00e9dito incluidas en Mercado Pago*<\/li>\n<li>VISA &#8211; MASTERCARD &#8211; OCA &#8211; DINERS CLUB &#8211; LIDER &#8211; SCOTIA BANK.<\/li>\n<li>Red de cobranza inclu\u00eddas en Mercado Pago*<\/li>\n<li>PAYPAL<\/li>\n<\/ul>\n<p>COBRO VIA WAPP, INSTAGRAM etc:<\/p>\n<ul>\n<li>Transferencia Bancaria BROU &#8211; ITAU<\/li>\n<li>Dep\u00f3sito en ABITAB o RED PAGOS ( En todos los ABITAB o RED PAGOS se puede hacer dep\u00f3sito al BROU sin pagar comisi\u00f3n).<\/li>\n<li>Mercado Pago ( Por Whatsapp nos informas el\/los productos que deseas comprar y te enviamos el link de pago por el importe exacto).<\/li>\n<\/ul>\n<p>&#8212;&#8212;&#8212;&#8212;&#8212;&#8212;&#8212;&#8212;&#8212;&#8212;&#8212;&#8212;&#8212;&#8212;&#8212;&#8212;&#8212;&#8212;&#8212;&#8212;&#8212;&#8212;&#8212;&#8212;&#8212;&#8212;&#8212;&#8212;&#8212;&#8212;&#8212;-<\/p>\n<p>ENVIOS:<\/p>\n<ul>\n<li>ENV\u00cdOS DENTRO DE MONTEVIDEO tiene un costo de 5 d\u00f3lares.<\/li>\n<\/ul>\n<p>Se realiza en el d\u00eda haciendo la compra antes de las 17:00 hs, luego de esta hora se entrega el pr\u00f3ximo d\u00eda h\u00e1bil.<\/p>\n<ul>\n<li>ENV\u00cdOS AL INTERIOR<\/li>\n<\/ul>\n<p>Se despacha sin costo en Tres Cruces (pago de Agencia en destino) De lunes a viernes hasta las 19:00 Hs.<\/p>\n<p>&#8211; IMPORTANTE si compras en la web desde el interior (<u>NO<\/u> seleccionar la opci\u00f3n de ENVIO).<\/p>\n<p>&#8212;&#8212;&#8212;&#8212;&#8212;&#8212;&#8212;&#8212;&#8212;&#8212;&#8212;&#8212;&#8212;&#8212;&#8212;&#8212;&#8212;&#8212;&#8212;&#8212;&#8212;&#8212;&#8212;&#8212;&#8212;&#8212;&#8212;&#8212;&#8212;&#8212;&#8212;-<\/p>\n","protected":false},"excerpt":{"rendered":"<p>Traemos por Encargo una Amplia Gama de Ruedas en Fibra de Carbono Especiales. Ruta\/Gravel para Freno de Disco\/Rim, en Variedad de Perfiles y Anchos. Ruedas Especiales Para Crono de 3 y 5 Rayos \/ Carbon Disc. Ruedas Para Pista. No dudes en hacer tu consulta. &#8212;&#8212;&#8212;&#8212;&#8212;&#8212;&#8212;&#8212;&#8212;&#8212;&#8212;&#8212;&#8212;&#8212;&#8212;&#8212;&#8212;&#8212;&#8212;&#8212;&#8212;&#8212;&#8212;&#8212;&#8212;&#8212;&#8212;&#8212;&#8212;&#8212;&#8212;- TRUNKURUGUAY &#8211; Material de competici\u00f3n. Tienda ONLINE. ENV\u00cdOS A [&hellip;]<\/p>\n","protected":false},"featured_media":741,"template":"","meta":{"site-sidebar-layout":"default","site-content-layout":"default","ast-site-content-layout":"default","site-content-style":"default","site-sidebar-style":"default","ast-global-header-display":"","ast-banner-title-visibility":"","ast-main-header-display":"","ast-hfb-above-header-display":"","ast-hfb-below-header-display":"","ast-hfb-mobile-header-display":"","site-post-title":"","ast-breadcrumbs-content":"","ast-featured-img":"","footer-sml-layout":"","theme-transparent-header-meta":"default","adv-header-id-meta":"","stick-header-meta":"","header-above-stick-meta":"","header-main-stick-meta":"","header-below-stick-meta":"","astra-migrate-meta-layouts":"set","ast-page-background-enabled":"default","ast-page-background-meta":{"desktop":{"background-color":"var(--ast-global-color-4)","background-image":"","background-repeat":"repeat","background-position":"center center","background-size":"auto","background-attachment":"scroll","background-type":"","background-media":"","overlay-type":"","overlay-color":"","overlay-opacity":"","overlay-gradient":""},"tablet":{"background-color":"","background-image":"","background-repeat":"repeat","background-position":"center center","background-size":"auto","background-attachment":"scroll","background-type":"","background-media":"","overlay-type":"","overlay-color":"","overlay-opacity":"","overlay-gradient":""},"mobile":{"background-color":"","background-image":"","background-repeat":"repeat","background-position":"center center","background-size":"auto","background-attachment":"scroll","background-type":"","background-media":"","overlay-type":"","overlay-color":"","overlay-opacity":"","overlay-gradient":""}},"ast-content-background-meta":{"desktop":{"background-color":"var(--ast-global-color-5)","background-image":"","background-repeat":"repeat","background-position":"center center","background-size":"auto","background-attachment":"scroll","background-type":"","background-media":"","overlay-type":"","overlay-color":"","overlay-opacity":"","overlay-gradient":""},"tablet":{"background-color":"var(--ast-global-color-5)","background-image":"","background-repeat":"repeat","background-position":"center center","background-size":"auto","background-attachment":"scroll","background-type":"","background-media":"","overlay-type":"","overlay-color":"","overlay-opacity":"","overlay-gradient":""},"mobile":{"background-color":"var(--ast-global-color-5)","background-image":"","background-repeat":"repeat","background-position":"center center","background-size":"auto","background-attachment":"scroll","background-type":"","background-media":"","overlay-type":"","overlay-color":"","overlay-opacity":"","overlay-gradient":""}},"_joinchat":[]},"product_brand":[],"product_cat":[51,45,15],"product_tag":[89,21,22],"class_list":{"0":"post-740","1":"product","2":"type-product","3":"status-publish","4":"has-post-thumbnail","6":"product_cat-ruedas","7":"product_cat-ruedas-de-carbono","8":"product_cat-uncategorized","9":"product_tag-5-ray","10":"product_tag-carbono","11":"product_tag-rueda","12":"desktop-align-left","13":"tablet-align-left","14":"mobile-align-left","16":"first","17":"outofstock","18":"shipping-taxable","19":"product-type-simple"},"_links":{"self":[{"href":"https:\/\/trunkuruguay.com\/index.php\/wp-json\/wp\/v2\/product\/740","targetHints":{"allow":["GET"]}}],"collection":[{"href":"https:\/\/trunkuruguay.com\/index.php\/wp-json\/wp\/v2\/product"}],"about":[{"href":"https:\/\/trunkuruguay.com\/index.php\/wp-json\/wp\/v2\/types\/product"}],"wp:featuredmedia":[{"embeddable":true,"href":"https:\/\/trunkuruguay.com\/index.php\/wp-json\/wp\/v2\/media\/741"}],"wp:attachment":[{"href":"https:\/\/trunkuruguay.com\/index.php\/wp-json\/wp\/v2\/media?parent=740"}],"wp:term":[{"taxonomy":"product_brand","embeddable":true,"href":"https:\/\/trunkuruguay.com\/index.php\/wp-json\/wp\/v2\/product_brand?post=740"},{"taxonomy":"product_cat","embeddable":true,"href":"https:\/\/trunkuruguay.com\/index.php\/wp-json\/wp\/v2\/product_cat?post=740"},{"taxonomy":"product_tag","embeddable":true,"href":"https:\/\/trunkuruguay.com\/index.php\/wp-json\/wp\/v2\/product_tag?post=740"}],"curies":[{"name":"wp","href":"https:\/\/api.w.org\/{rel}","templated":true}]}}