{"id":729,"date":"2023-11-01T17:18:09","date_gmt":"2023-11-01T20:18:09","guid":{"rendered":"https:\/\/trunkuruguay.com\/?post_type=product&#038;p=729"},"modified":"2025-08-27T16:38:04","modified_gmt":"2025-08-27T19:38:04","slug":"cuadro-ican-tra01-para-pista","status":"publish","type":"product","link":"https:\/\/trunkuruguay.com\/index.php\/product\/cuadro-ican-tra01-para-pista\/","title":{"rendered":"Cuadro ICAN TRA01 Carbono Para Pista &#8211; (POR ENCARGO &#8211; ELEG\u00ed tu TALLE\/COLOR)"},"content":{"rendered":"<table border=\"0\" width=\"100%\" cellspacing=\"0\" cellpadding=\"0\">\n<tbody>\n<tr>\n<th data-spm-anchor-id=\"0.0.0.i250.5addcaceQUKNHD\"><span style=\"font-family: Verdana; font-size: large;\">Specification<\/span><\/th>\n<th data-spm-anchor-id=\"0.0.0.i2.5addcace6X5dBV\"><span style=\"font-family: Verdana;\">\u00a0<\/span><\/th>\n<\/tr>\n<tr>\n<td data-spm-anchor-id=\"0.0.0.i252.5addcaceQUKNHD\"><span style=\"font-family: Verdana; font-size: medium;\">Type<\/span><\/td>\n<td data-spm-anchor-id=\"0.0.0.i258.5addcaceQUKNHD\"><span style=\"font-family: Verdana; font-size: medium;\" data-spm-anchor-id=\"0.0.0.i7.5addcaceeK5HEV\">Track Bike Carbon Frame<\/span><\/td>\n<\/tr>\n<tr>\n<td data-spm-anchor-id=\"0.0.0.i246.5addcaceQUKNHD\"><span style=\"font-family: Verdana; font-size: medium;\" data-spm-anchor-id=\"0.0.0.i17.5addcaceeK5HEV\">Model<\/span><\/td>\n<td data-spm-anchor-id=\"0.0.0.i259.5addcaceQUKNHD\"><span style=\"font-family: Verdana; font-size: medium;\">TRA01<\/span><\/td>\n<\/tr>\n<tr>\n<td data-spm-anchor-id=\"0.0.0.i247.5addcaceQUKNHD\"><span style=\"font-family: Verdana; font-size: medium;\">Material<\/span><\/td>\n<td data-spm-anchor-id=\"0.0.0.i260.5addcaceQUKNHD\"><span style=\"font-family: Verdana; font-size: medium;\">Carbon Fiber Toray T700 &amp; T800<\/span><\/td>\n<\/tr>\n<tr>\n<td data-spm-anchor-id=\"0.0.0.i248.5addcaceQUKNHD\"><span style=\"font-family: Verdana; font-size: medium;\">Color<\/span><\/td>\n<td data-spm-anchor-id=\"0.0.0.i261.5addcaceQUKNHD\"><span style=\"font-family: Verdana; font-size: medium;\">UDM\/Customized<\/span><\/td>\n<\/tr>\n<tr>\n<td data-spm-anchor-id=\"0.0.0.i255.5addcaceQUKNHD\"><span style=\"font-family: Verdana; font-size: medium;\">Available Size<\/span><\/td>\n<td data-spm-anchor-id=\"0.0.0.i262.5addcaceQUKNHD\"><span style=\"font-family: Verdana; font-size: medium;\">XS\/S\/M\/L<\/span><\/td>\n<\/tr>\n<tr>\n<td data-spm-anchor-id=\"0.0.0.i256.5addcaceQUKNHD\"><span style=\"font-family: Verdana; font-size: medium;\">Tire size<\/span><\/td>\n<td data-spm-anchor-id=\"0.0.0.i263.5addcaceQUKNHD\"><\/td>\n<\/tr>\n<tr>\n<td data-spm-anchor-id=\"0.0.0.i267.5addcaceQUKNHD\">\n<p data-spm-anchor-id=\"0.0.0.i27.5addcaceeK5HEV\"><span style=\"font-family: Verdana; font-size: medium;\" data-spm-anchor-id=\"0.0.0.i28.5addcaceeK5HEV\">Headset<\/span><\/p>\n<\/td>\n<td data-spm-anchor-id=\"0.0.0.i268.5addcaceQUKNHD\"><span style=\"font-size: medium;\">H521-1\/2,1-1\/2<\/span><\/td>\n<\/tr>\n<tr>\n<td data-spm-anchor-id=\"0.0.0.i282.5addcaceQUKNHD\">\n<p data-spm-anchor-id=\"0.0.0.i284.5addcaceQUKNHD\"><span style=\"font-family: Verdana; font-size: medium;\" data-spm-anchor-id=\"0.0.0.i15.5addcaceeK5HEV\">Bottom Bracket<\/span><\/p>\n<\/td>\n<td data-spm-anchor-id=\"0.0.0.i283.5addcaceQUKNHD\">\n<p data-spm-anchor-id=\"0.0.0.i16.5addcaceeK5HEV\"><span style=\"font-family: Verdana; font-size: medium;\">BSA<\/span><\/p>\n<\/td>\n<\/tr>\n<tr>\n<td data-spm-anchor-id=\"0.0.0.i292.5addcaceQUKNHD\"><span style=\"font-family: Verdana; font-size: medium;\">Front and Rear OLD<\/span><\/td>\n<td data-spm-anchor-id=\"0.0.0.i293.5addcaceQUKNHD\"><span style=\"font-family: Verdana; font-size: medium;\">100*9mm, 120*9mm<\/span><\/td>\n<\/tr>\n<tr>\n<td data-spm-anchor-id=\"0.0.0.i301.5addcaceQUKNHD\"><span style=\"font-family: Verdana; font-size: medium;\">Weight<\/span><\/td>\n<td data-spm-anchor-id=\"0.0.0.i307.5addcaceQUKNHD\">\n<p data-spm-anchor-id=\"0.0.0.i309.5addcaceQUKNHD\"><span style=\"font-family: Verdana; font-size: medium;\" data-spm-anchor-id=\"0.0.0.i29.5addcaceeK5HEV\">XS-1530+\/-40g<br \/>\nS-1550+\/-40g<br \/>\nM-1570+\/-40g<br \/>\nL-1590+\/-40g<\/span><\/p>\n<\/td>\n<\/tr>\n<\/tbody>\n<\/table>\n<p>&#8212;&#8212;&#8212;&#8212;&#8212;&#8212;&#8212;&#8212;&#8212;&#8212;&#8212;&#8212;&#8212;&#8212;&#8212;&#8212;&#8212;&#8212;&#8212;&#8212;&#8212;&#8212;&#8212;&#8212;&#8212;&#8212;&#8212;&#8212;&#8212;&#8212;&#8212;-<\/p>\n<p>TRUNKURUGUAY &#8211; Material de competici\u00f3n.<\/p>\n<ul>\n<li>Tienda ONLINE.<\/li>\n<li>ENV\u00cdOS A TODO EL PAIS.<\/li>\n<li>Pick Up para retiro, previa coordinaci\u00f3n (Lunes a viernes de 9:00 a 18:00 Hs).<\/li>\n<\/ul>\n<p>&#8212;&#8212;&#8212;&#8212;&#8212;&#8212;&#8212;&#8212;&#8212;&#8212;&#8212;&#8212;&#8212;&#8212;&#8212;&#8212;&#8212;&#8212;&#8212;&#8212;&#8212;&#8212;&#8212;&#8212;&#8212;&#8212;&#8212;&#8212;&#8212;&#8212;&#8212;-<\/p>\n<p>METODOS DE PAGO.<\/p>\n<p>EN NUESTRA WEB:<\/p>\n<ul>\n<li>Tarjetas de cr\u00e9dito incluidas en Mercado Pago*<\/li>\n<li>VISA &#8211; MASTERCARD &#8211; OCA &#8211; DINERS CLUB &#8211; LIDER &#8211; SCOTIA BANK.<\/li>\n<li>Red de cobranza inclu\u00eddas en Mercado Pago*<\/li>\n<li>PAYPAL<\/li>\n<\/ul>\n<p>COBRO VIA WAPP, INSTAGRAM etc:<\/p>\n<ul>\n<li>Transferencia Bancaria BROU &#8211; ITAU<\/li>\n<li>Dep\u00f3sito en ABITAB o RED PAGOS ( En todos los ABITAB o RED PAGOS se puede hacer dep\u00f3sito al BROU sin pagar comisi\u00f3n).<\/li>\n<li>Mercado Pago ( Por Whatsapp nos informas el\/los productos que deseas comprar y te enviamos el link de pago por el importe exacto).<\/li>\n<\/ul>\n<p>&#8212;&#8212;&#8212;&#8212;&#8212;&#8212;&#8212;&#8212;&#8212;&#8212;&#8212;&#8212;&#8212;&#8212;&#8212;&#8212;&#8212;&#8212;&#8212;&#8212;&#8212;&#8212;&#8212;&#8212;&#8212;&#8212;&#8212;&#8212;&#8212;&#8212;&#8212;-<\/p>\n<p>ENVIOS:<\/p>\n<ul>\n<li>ENV\u00cdOS DENTRO DE MONTEVIDEO tiene un costo de 5 d\u00f3lares.<\/li>\n<\/ul>\n<p>Se realiza en el d\u00eda haciendo la compra antes de las 17:00 hs, luego de esta hora se entrega el pr\u00f3ximo d\u00eda h\u00e1bil.<\/p>\n<ul>\n<li>ENV\u00cdOS AL INTERIOR<\/li>\n<\/ul>\n<p>Se despacha sin costo en Tres Cruces (pago de Agencia en destino) De lunes a viernes hasta las 19:00 Hs.<\/p>\n<p>&#8211; IMPORTANTE si compras en la web desde el interior (<u>NO<\/u> seleccionar la opci\u00f3n de ENVIO).<\/p>\n<p>&#8212;&#8212;&#8212;&#8212;&#8212;&#8212;&#8212;&#8212;&#8212;&#8212;&#8212;&#8212;&#8212;&#8212;&#8212;&#8212;&#8212;&#8212;&#8212;&#8212;&#8212;&#8212;&#8212;&#8212;&#8212;&#8212;&#8212;&#8212;&#8212;&#8212;&#8212;-<\/p>\n","protected":false},"excerpt":{"rendered":"<p><strong>Tu Cuadro de Pista a la Medida: Rendimiento Personalizado en Cada Vuelta<\/strong><\/p>\n<p>En la b\u00fasqueda constante de la perfecci\u00f3n en la especialidad de pista, no puedes conformarte con menos que lo mejor. Presentamos el cuadro de fibra de carbono personalizado, dise\u00f1ado para cumplir tus expectativas m\u00e1s exigentes en la pista.<\/p>\n<p><strong>Rendimiento \u00d3ptimo:<\/strong> Cada detalle se ha perfeccionado para garantizar que domines la pista con facilidad y obtengas un rendimiento excepcional en cada vuelta.<\/p>\n<p><strong>Incluye:<\/strong> Cuadro, horquilla, rodamientos de direcci\u00f3n, avance y tija del sill\u00edn.<\/p>\n<p><strong>Personalizaci\u00f3n Total:<\/strong> Sabemos que cada ciclista es \u00fanico, al igual que sus necesidades y preferencias. Ofrecemos la posibilidad de personalizar tu cuadro, desde el tama\u00f1o hasta el color. Tu bicicleta ser\u00e1 una extensi\u00f3n de tu cuerpo.<\/p>\n<p><strong>Pago de Se\u00f1a por Adelantado:<\/strong> Los cuadros ICAN especiales (Contra Reloj y Pista) se traen por encargo, previo pago de un 10% del valor del mismo 3 d\u00edas antes de poner la orden en la f\u00e1brica.<\/p>\n<p>Tu defines el talle y color, una vez puesta la orden, tiene una demora de 60 a 120 d\u00edas en llegar.<\/p>\n<p>Es mercader\u00eda que se fabrica a demanda y se trae v\u00eda maritima, si est\u00e1 en stock son 60 d\u00edas, si hay que fabricarlo puede tardar hasta 120 d\u00edas tenerlo en el pais.<\/p>\n<p><strong>La Mejor Opci\u00f3n para los M\u00e1s Exigentes:<\/strong> Si buscas un cuadro que est\u00e9 a la altura de tus expectativas m\u00e1s exigentes en la pista, no busques m\u00e1s. Nuestro cuadro de fibra de carbono personalizado es la elecci\u00f3n definitiva para los amantes de la especialidad de pista.<\/p>\n<p><strong>\u00bfEst\u00e1s Listo para la Velocidad Personalizada en la Pista?<\/strong> Eleva tu rendimiento con un cuadro dise\u00f1ado especialmente para ti. Cada vuelta te llevar\u00e1 un paso m\u00e1s cerca de tus metas en la pista. \u00bfListo para dominar la pista con un cuadro a tu medida?<\/p>\n","protected":false},"featured_media":730,"template":"","meta":{"site-sidebar-layout":"default","site-content-layout":"default","ast-site-content-layout":"default","site-content-style":"default","site-sidebar-style":"default","ast-global-header-display":"","ast-banner-title-visibility":"","ast-main-header-display":"","ast-hfb-above-header-display":"","ast-hfb-below-header-display":"","ast-hfb-mobile-header-display":"","site-post-title":"","ast-breadcrumbs-content":"","ast-featured-img":"","footer-sml-layout":"","theme-transparent-header-meta":"default","adv-header-id-meta":"","stick-header-meta":"","header-above-stick-meta":"","header-main-stick-meta":"","header-below-stick-meta":"","astra-migrate-meta-layouts":"set","ast-page-background-enabled":"default","ast-page-background-meta":{"desktop":{"background-color":"var(--ast-global-color-4)","background-image":"","background-repeat":"repeat","background-position":"center center","background-size":"auto","background-attachment":"scroll","background-type":"","background-media":"","overlay-type":"","overlay-color":"","overlay-opacity":"","overlay-gradient":""},"tablet":{"background-color":"","background-image":"","background-repeat":"repeat","background-position":"center center","background-size":"auto","background-attachment":"scroll","background-type":"","background-media":"","overlay-type":"","overlay-color":"","overlay-opacity":"","overlay-gradient":""},"mobile":{"background-color":"","background-image":"","background-repeat":"repeat","background-position":"center center","background-size":"auto","background-attachment":"scroll","background-type":"","background-media":"","overlay-type":"","overlay-color":"","overlay-opacity":"","overlay-gradient":""}},"ast-content-background-meta":{"desktop":{"background-color":"var(--ast-global-color-5)","background-image":"","background-repeat":"repeat","background-position":"center center","background-size":"auto","background-attachment":"scroll","background-type":"","background-media":"","overlay-type":"","overlay-color":"","overlay-opacity":"","overlay-gradient":""},"tablet":{"background-color":"var(--ast-global-color-5)","background-image":"","background-repeat":"repeat","background-position":"center center","background-size":"auto","background-attachment":"scroll","background-type":"","background-media":"","overlay-type":"","overlay-color":"","overlay-opacity":"","overlay-gradient":""},"mobile":{"background-color":"var(--ast-global-color-5)","background-image":"","background-repeat":"repeat","background-position":"center center","background-size":"auto","background-attachment":"scroll","background-type":"","background-media":"","overlay-type":"","overlay-color":"","overlay-opacity":"","overlay-gradient":""}},"_joinchat":[]},"product_brand":[],"product_cat":[48],"product_tag":[],"class_list":{"0":"post-729","1":"product","2":"type-product","3":"status-publish","4":"has-post-thumbnail","6":"product_cat-cuadro-ruta-carbono","7":"desktop-align-left","8":"tablet-align-left","9":"mobile-align-left","11":"first","12":"outofstock","13":"shipping-taxable","14":"purchasable","15":"product-type-simple"},"_links":{"self":[{"href":"https:\/\/trunkuruguay.com\/index.php\/wp-json\/wp\/v2\/product\/729","targetHints":{"allow":["GET"]}}],"collection":[{"href":"https:\/\/trunkuruguay.com\/index.php\/wp-json\/wp\/v2\/product"}],"about":[{"href":"https:\/\/trunkuruguay.com\/index.php\/wp-json\/wp\/v2\/types\/product"}],"wp:featuredmedia":[{"embeddable":true,"href":"https:\/\/trunkuruguay.com\/index.php\/wp-json\/wp\/v2\/media\/730"}],"wp:attachment":[{"href":"https:\/\/trunkuruguay.com\/index.php\/wp-json\/wp\/v2\/media?parent=729"}],"wp:term":[{"taxonomy":"product_brand","embeddable":true,"href":"https:\/\/trunkuruguay.com\/index.php\/wp-json\/wp\/v2\/product_brand?post=729"},{"taxonomy":"product_cat","embeddable":true,"href":"https:\/\/trunkuruguay.com\/index.php\/wp-json\/wp\/v2\/product_cat?post=729"},{"taxonomy":"product_tag","embeddable":true,"href":"https:\/\/trunkuruguay.com\/index.php\/wp-json\/wp\/v2\/product_tag?post=729"}],"curies":[{"name":"wp","href":"https:\/\/api.w.org\/{rel}","templated":true}]}}