{"id":540,"date":"2023-08-07T17:48:51","date_gmt":"2023-08-07T20:48:51","guid":{"rendered":"https:\/\/trunkuruguay.com\/?post_type=product&#038;p=540"},"modified":"2025-08-27T16:38:49","modified_gmt":"2025-08-27T19:38:49","slug":"juego-de-bielas-prowheel-170mm-bcd130","status":"publish","type":"product","link":"https:\/\/trunkuruguay.com\/index.php\/product\/juego-de-bielas-prowheel-170mm-bcd130\/","title":{"rendered":"Bielas Bicicleta PROWHEEL DESIRE BCD130 170 Mm"},"content":{"rendered":"<p><span style=\"color: #333333;\"><span style=\"font-family: OpenSans, Helvetica Neue, Helvetica, Tahoma, Arial, PingFang SC, Microsoft YaHei;\"><span style=\"font-size: large;\">Propiedades del producto: Marca: PROWHEEL<\/span><\/span><\/span><\/p>\n<p><span style=\"color: #333333;\"><span style=\"font-family: OpenSans, Helvetica Neue, Helvetica, Tahoma, Arial, PingFang SC, Microsoft YaHei;\"><span style=\"font-size: large;\">Nombre del producto: bielas de bicicleta de carretera 130BCD <\/span><\/span><\/span><\/p>\n<p><span style=\"color: #333333;\"><span style=\"font-family: OpenSans, Helvetica Neue, Helvetica, Tahoma, Arial, PingFang SC, Microsoft YaHei;\"><span style=\"font-size: large;\">Modelo: DESIRE-TT Material: aleaci\u00f3n de aluminio ALLOY<\/span><\/span><\/span><\/p>\n<p><span style=\"color: #333333;\"><span style=\"font-family: OpenSans, Helvetica Neue, Helvetica, Tahoma, Arial, PingFang SC, Microsoft YaHei;\"><span style=\"font-size: large;\">Especificaci\u00f3n: BCD: 130mm Longitud de la biela: 170mm<\/span><\/span><\/span><\/p>\n<p><span style=\"color: #333333;\"><span style=\"font-family: OpenSans, Helvetica Neue, Helvetica, Tahoma, Arial, PingFang SC, Microsoft YaHei;\"><span style=\"font-size: large;\">Peso: 812g<\/span><\/span><\/span><\/p>\n<p><span style=\"color: #333333;\"><span style=\"font-family: OpenSans, Helvetica Neue, Helvetica, Tahoma, Arial, PingFang SC, Microsoft YaHei;\"><span style=\"font-size: large;\">Aplicaci\u00f3n: Bicicleta de ruta.<\/span><\/span><\/span><\/p>\n<p>&#8212;&#8212;&#8212;&#8212;&#8212;&#8212;&#8212;&#8212;&#8212;&#8212;&#8212;&#8212;&#8212;&#8212;&#8212;&#8212;&#8212;&#8212;&#8212;&#8212;&#8212;&#8212;&#8212;&#8212;&#8212;&#8212;&#8212;&#8212;&#8212;&#8212;&#8212;-<\/p>\n<p>TRUNKURUGUAY &#8211; Material de competici\u00f3n.<\/p>\n<ul>\n<li>Tienda ONLINE.<\/li>\n<li>ENV\u00cdOS A TODO EL PAIS.<\/li>\n<li>Pick Up para retiro, previa coordinaci\u00f3n (Lunes a viernes de 9:00 a 18:00 Hs).<\/li>\n<\/ul>\n<p>&#8212;&#8212;&#8212;&#8212;&#8212;&#8212;&#8212;&#8212;&#8212;&#8212;&#8212;&#8212;&#8212;&#8212;&#8212;&#8212;&#8212;&#8212;&#8212;&#8212;&#8212;&#8212;&#8212;&#8212;&#8212;&#8212;&#8212;&#8212;&#8212;&#8212;&#8212;-<\/p>\n<p>METODOS DE PAGO.<\/p>\n<p>EN NUESTRA WEB:<\/p>\n<ul>\n<li>Tarjetas de cr\u00e9dito incluidas en Mercado Pago*<\/li>\n<li>VISA &#8211; MASTERCARD &#8211; OCA &#8211; DINERS CLUB &#8211; LIDER &#8211; SCOTIA BANK.<\/li>\n<li>Red de cobranza inclu\u00eddas en Mercado Pago*<\/li>\n<li>PAYPAL<\/li>\n<\/ul>\n<p>COBRO VIA WAPP, INSTAGRAM etc:<\/p>\n<ul>\n<li>Transferencia Bancaria BROU &#8211; ITAU<\/li>\n<li>Dep\u00f3sito en ABITAB o RED PAGOS ( En todos los ABITAB o RED PAGOS se puede hacer dep\u00f3sito al BROU sin pagar comisi\u00f3n).<\/li>\n<li>Mercado Pago ( Por Whatsapp nos informas el\/los productos que deseas comprar y te enviamos el link de pago por el importe exacto).<\/li>\n<\/ul>\n<p>&#8212;&#8212;&#8212;&#8212;&#8212;&#8212;&#8212;&#8212;&#8212;&#8212;&#8212;&#8212;&#8212;&#8212;&#8212;&#8212;&#8212;&#8212;&#8212;&#8212;&#8212;&#8212;&#8212;&#8212;&#8212;&#8212;&#8212;&#8212;&#8212;&#8212;&#8212;-<\/p>\n<p>ENVIOS:<\/p>\n<ul>\n<li>ENV\u00cdOS DENTRO DE MONTEVIDEO tiene un costo de 5 d\u00f3lares.<\/li>\n<\/ul>\n<p>Se realiza en el d\u00eda haciendo la compra antes de las 17:00 hs, luego de esta hora se entrega el pr\u00f3ximo d\u00eda h\u00e1bil.<\/p>\n<ul>\n<li>ENV\u00cdOS AL INTERIOR<\/li>\n<\/ul>\n<p>Se despacha sin costo en Tres Cruces (pago de Agencia en destino) De lunes a viernes hasta las 19:00 Hs.<\/p>\n<p>&#8211; IMPORTANTE si compras en la web desde el interior (<u>NO<\/u> seleccionar la opci\u00f3n de ENVIO).<\/p>\n<p>&#8212;&#8212;&#8212;&#8212;&#8212;&#8212;&#8212;&#8212;&#8212;&#8212;&#8212;&#8212;&#8212;&#8212;&#8212;&#8212;&#8212;&#8212;&#8212;&#8212;&#8212;&#8212;&#8212;&#8212;&#8212;&#8212;&#8212;&#8212;&#8212;&#8212;&#8212;-<\/p>\n","protected":false},"excerpt":{"rendered":"<p><span style=\"color: #333333;\"><span style=\"font-family: OpenSans, Helvetica Neue, Helvetica, Tahoma, Arial, PingFang SC, Microsoft YaHei;\"><span style=\"font-size: large;\">Descripci\u00f3n:<\/span><\/span><\/span><\/p>\n<p><span style=\"color: #333333;\"><span style=\"font-family: OpenSans, Helvetica Neue, Helvetica, Tahoma, Arial, PingFang SC, Microsoft YaHei;\"><span style=\"font-size: large;\">Marca: <\/span><\/span><\/span><span style=\"color: #333333;\"><span style=\"font-family: OpenSans, Helvetica Neue, Helvetica, Tahoma, Arial, PingFang SC, Microsoft YaHei;\"><span style=\"font-size: large;\">P<\/span><\/span><\/span><span style=\"color: #333333;\"><span style=\"font-family: OpenSans, Helvetica Neue, Helvetica, Tahoma, Arial, PingFang SC, Microsoft YaHei;\"><span style=\"font-size: large;\">R<\/span><\/span><\/span><span style=\"color: #333333;\"><span style=\"font-family: OpenSans, Helvetica Neue, Helvetica, Tahoma, Arial, PingFang SC, Microsoft YaHei;\"><span style=\"font-size: large;\">OW<\/span><\/span><\/span><span style=\"color: #333333;\"><span style=\"font-family: OpenSans, Helvetica Neue, Helvetica, Tahoma, Arial, PingFang SC, Microsoft YaHei;\"><span style=\"font-size: large;\">H<\/span><\/span><\/span><span style=\"color: #333333;\"><span style=\"font-family: OpenSans, Helvetica Neue, Helvetica, Tahoma, Arial, PingFang SC, Microsoft YaHei;\"><span style=\"font-size: large;\">EEL<\/span><\/span><\/span><\/p>\n<p><span style=\"color: #333333;\"><span style=\"font-family: OpenSans, Helvetica Neue, Helvetica, Tahoma, Arial, PingFang SC, Microsoft YaHei;\"><span style=\"font-size: large;\">Modelo: DESIRE-TT <\/span><\/span><\/span><\/p>\n<p><span style=\"color: #333333;\"><span style=\"font-family: OpenSans, Helvetica Neue, Helvetica, Tahoma, Arial, PingFang SC, Microsoft YaHei;\"><span style=\"font-size: large;\">Material: aleaci\u00f3n de aluminio ALLOY<\/span><\/span><\/span><\/p>\n<p><span style=\"color: #333333;\"><span style=\"font-family: OpenSans, Helvetica Neue, Helvetica, Tahoma, Arial, PingFang SC, Microsoft YaHei;\"><span style=\"font-size: large;\">Especificaci\u00f3n: BCD 130mm, Longitud de la biela 170mm, eje de pedalier 24mm<\/span><\/span><\/span><\/p>\n<p><span style=\"color: #333333;\"><span style=\"font-family: OpenSans, Helvetica Neue, Helvetica, Tahoma, Arial, PingFang SC, Microsoft YaHei;\"><span style=\"font-size: large;\">Peso: 812g<\/span><\/span><\/span><\/p>\n<p><span style=\"color: #333333;\"><span style=\"font-family: Proxima Nova, apple-system, Roboto, Arial, sans-serif;\"><span style=\"font-size: large;\">Aplicaci\u00f3n: Bicicleta de ruta<\/span><\/span><\/span><\/p>\n","protected":false},"featured_media":541,"template":"","meta":{"site-sidebar-layout":"default","site-content-layout":"default","ast-site-content-layout":"default","site-content-style":"default","site-sidebar-style":"default","ast-global-header-display":"","ast-banner-title-visibility":"","ast-main-header-display":"","ast-hfb-above-header-display":"","ast-hfb-below-header-display":"","ast-hfb-mobile-header-display":"","site-post-title":"","ast-breadcrumbs-content":"","ast-featured-img":"","footer-sml-layout":"","theme-transparent-header-meta":"default","adv-header-id-meta":"","stick-header-meta":"","header-above-stick-meta":"","header-main-stick-meta":"","header-below-stick-meta":"","astra-migrate-meta-layouts":"set","ast-page-background-enabled":"default","ast-page-background-meta":{"desktop":{"background-color":"var(--ast-global-color-4)","background-image":"","background-repeat":"repeat","background-position":"center center","background-size":"auto","background-attachment":"scroll","background-type":"","background-media":"","overlay-type":"","overlay-color":"","overlay-opacity":"","overlay-gradient":""},"tablet":{"background-color":"","background-image":"","background-repeat":"repeat","background-position":"center center","background-size":"auto","background-attachment":"scroll","background-type":"","background-media":"","overlay-type":"","overlay-color":"","overlay-opacity":"","overlay-gradient":""},"mobile":{"background-color":"","background-image":"","background-repeat":"repeat","background-position":"center center","background-size":"auto","background-attachment":"scroll","background-type":"","background-media":"","overlay-type":"","overlay-color":"","overlay-opacity":"","overlay-gradient":""}},"ast-content-background-meta":{"desktop":{"background-color":"var(--ast-global-color-5)","background-image":"","background-repeat":"repeat","background-position":"center center","background-size":"auto","background-attachment":"scroll","background-type":"","background-media":"","overlay-type":"","overlay-color":"","overlay-opacity":"","overlay-gradient":""},"tablet":{"background-color":"var(--ast-global-color-5)","background-image":"","background-repeat":"repeat","background-position":"center center","background-size":"auto","background-attachment":"scroll","background-type":"","background-media":"","overlay-type":"","overlay-color":"","overlay-opacity":"","overlay-gradient":""},"mobile":{"background-color":"var(--ast-global-color-5)","background-image":"","background-repeat":"repeat","background-position":"center center","background-size":"auto","background-attachment":"scroll","background-type":"","background-media":"","overlay-type":"","overlay-color":"","overlay-opacity":"","overlay-gradient":""}},"_joinchat":[]},"product_brand":[],"product_cat":[93],"product_tag":[24,64,36],"class_list":{"0":"post-540","1":"product","2":"type-product","3":"status-publish","4":"has-post-thumbnail","6":"product_cat-transmision","7":"product_tag-aluminio","8":"product_tag-bielas","9":"product_tag-ruta","10":"desktop-align-left","11":"tablet-align-left","12":"mobile-align-left","14":"first","15":"instock","16":"shipping-taxable","17":"purchasable","18":"product-type-simple"},"_links":{"self":[{"href":"https:\/\/trunkuruguay.com\/index.php\/wp-json\/wp\/v2\/product\/540","targetHints":{"allow":["GET"]}}],"collection":[{"href":"https:\/\/trunkuruguay.com\/index.php\/wp-json\/wp\/v2\/product"}],"about":[{"href":"https:\/\/trunkuruguay.com\/index.php\/wp-json\/wp\/v2\/types\/product"}],"wp:featuredmedia":[{"embeddable":true,"href":"https:\/\/trunkuruguay.com\/index.php\/wp-json\/wp\/v2\/media\/541"}],"wp:attachment":[{"href":"https:\/\/trunkuruguay.com\/index.php\/wp-json\/wp\/v2\/media?parent=540"}],"wp:term":[{"taxonomy":"product_brand","embeddable":true,"href":"https:\/\/trunkuruguay.com\/index.php\/wp-json\/wp\/v2\/product_brand?post=540"},{"taxonomy":"product_cat","embeddable":true,"href":"https:\/\/trunkuruguay.com\/index.php\/wp-json\/wp\/v2\/product_cat?post=540"},{"taxonomy":"product_tag","embeddable":true,"href":"https:\/\/trunkuruguay.com\/index.php\/wp-json\/wp\/v2\/product_tag?post=540"}],"curies":[{"name":"wp","href":"https:\/\/api.w.org\/{rel}","templated":true}]}}