{"id":302,"date":"2023-06-13T10:35:15","date_gmt":"2023-06-13T13:35:15","guid":{"rendered":"https:\/\/trunkuruguay.com\/?post_type=product&#038;p=302"},"modified":"2025-08-27T16:42:52","modified_gmt":"2025-08-27T19:42:52","slug":"avance-stems-ican-st-03","status":"publish","type":"product","link":"https:\/\/trunkuruguay.com\/index.php\/product\/avance-stems-ican-st-03\/","title":{"rendered":"Avance, Stems, Potencia, BALUGOE 120mm 6 grados."},"content":{"rendered":"<p><span style=\"color: #333333;\"><span style=\"font-family: Proxima Nova, apple-system, Roboto, Arial, sans-serif;\"><span style=\"font-size: large;\">Descripci\u00f3n<\/span><\/span><\/span><\/p>\n<p><span style=\"color: #333333;\"><span style=\"font-family: Proxima Nova, apple-system, Roboto, Arial, sans-serif;\"><span style=\"font-size: large;\">Peso:<\/span><\/span><\/span><\/p>\n<p><span style=\"color: #333333;\"><span style=\"font-family: Proxima Nova, apple-system, Roboto, Arial, sans-serif;\"><span style=\"font-size: large;\">150g para la potencia de 120mm y 6 grados.<\/span><\/span><\/span><\/p>\n<p><span style=\"color: #333333;\"><span style=\"font-family: Proxima Nova, apple-system, Roboto, Arial, sans-serif;\"><span style=\"font-size: large;\">Hecho del mejor aluminio 7050, ofrece la rigidez m\u00e1s firme con el m\u00ednimo peso.<br \/>\nColor: cuerpo negro, logotipo rojo\/blanco<br \/>\nLongitud: 120mm<br \/>\n\u00c1ngulo: 6 grados<br \/>\nMaterial: Aluminio 7050, forjado en 3D<br \/>\nDi\u00e1metro del manillar: 31,8mm<br \/>\nDi\u00e1metro del tubo de direcci\u00f3n: 28,6mm<\/span><\/span><\/span><\/p>\n<p>&#8212;&#8212;&#8212;&#8212;&#8212;&#8212;&#8212;&#8212;&#8212;&#8212;&#8212;&#8212;&#8212;&#8212;&#8212;&#8212;&#8212;&#8212;&#8212;&#8212;&#8212;&#8212;&#8212;&#8212;&#8212;&#8212;&#8212;&#8212;&#8212;&#8212;&#8212;-<\/p>\n<p>TRUNKURUGUAY &#8211; Material de competici\u00f3n.<\/p>\n<ul>\n<li>Tienda ONLINE.<\/li>\n<li>ENV\u00cdOS A TODO EL PAIS.<\/li>\n<li>Pick Up para retiro, previa coordinaci\u00f3n (Lunes a viernes de 9:00 a 18:00 Hs).<\/li>\n<\/ul>\n<p>&#8212;&#8212;&#8212;&#8212;&#8212;&#8212;&#8212;&#8212;&#8212;&#8212;&#8212;&#8212;&#8212;&#8212;&#8212;&#8212;&#8212;&#8212;&#8212;&#8212;&#8212;&#8212;&#8212;&#8212;&#8212;&#8212;&#8212;&#8212;&#8212;&#8212;&#8212;-<\/p>\n<p>METODOS DE PAGO.<\/p>\n<p>EN NUESTRA WEB:<\/p>\n<ul>\n<li>Tarjetas de cr\u00e9dito incluidas en Mercado Pago*<\/li>\n<li>VISA &#8211; MASTERCARD &#8211; OCA &#8211; DINERS CLUB &#8211; LIDER &#8211; SCOTIA BANK.<\/li>\n<li>Red de cobranza inclu\u00eddas en Mercado Pago*<\/li>\n<li>PAYPAL<\/li>\n<\/ul>\n<p>COBRO VIA WAPP, INSTAGRAM etc:<\/p>\n<ul>\n<li>Transferencia Bancaria BROU &#8211; ITAU<\/li>\n<li>Dep\u00f3sito en ABITAB o RED PAGOS ( En todos los ABITAB o RED PAGOS se puede hacer dep\u00f3sito al BROU sin pagar comisi\u00f3n).<\/li>\n<li>Mercado Pago ( Por Whatsapp nos informas el\/los productos que deseas comprar y te enviamos el link de pago por el importe exacto).<\/li>\n<\/ul>\n<p>&#8212;&#8212;&#8212;&#8212;&#8212;&#8212;&#8212;&#8212;&#8212;&#8212;&#8212;&#8212;&#8212;&#8212;&#8212;&#8212;&#8212;&#8212;&#8212;&#8212;&#8212;&#8212;&#8212;&#8212;&#8212;&#8212;&#8212;&#8212;&#8212;&#8212;&#8212;-<\/p>\n<p>ENVIOS:<\/p>\n<ul>\n<li>ENV\u00cdOS DENTRO DE MONTEVIDEO tiene un costo de 5 d\u00f3lares.<\/li>\n<\/ul>\n<p>Se realiza en el d\u00eda haciendo la compra antes de las 17:00 hs, luego de esta hora se entrega el pr\u00f3ximo d\u00eda h\u00e1bil.<\/p>\n<ul>\n<li>ENV\u00cdOS AL INTERIOR<\/li>\n<\/ul>\n<p>Se despacha sin costo en Tres Cruces (pago de Agencia en destino) De lunes a viernes hasta las 19:00 Hs.<\/p>\n<p>&#8211; IMPORTANTE si compras en la web desde el interior (<u>NO<\/u> seleccionar la opci\u00f3n de ENVIO).<\/p>\n<p>&#8212;&#8212;&#8212;&#8212;&#8212;&#8212;&#8212;&#8212;&#8212;&#8212;&#8212;&#8212;&#8212;&#8212;&#8212;&#8212;&#8212;&#8212;&#8212;&#8212;&#8212;&#8212;&#8212;&#8212;&#8212;&#8212;&#8212;&#8212;&#8212;&#8212;&#8212;-<\/p>\n","protected":false},"excerpt":{"rendered":"<p><span style=\"color: #333333;\"><span style=\"font-family: Proxima Nova, apple-system, Roboto, Arial, sans-serif;\"><span style=\"font-size: large;\">Potencia <\/span><\/span><\/span><\/p>\n<p><span style=\"color: #333333;\"><span style=\"font-family: Proxima Nova, apple-system, Roboto, Arial, sans-serif;\"><span style=\"font-size: large;\">Longitud: 120mm<br \/>\n\u00c1ngulo: 6 grados<\/span><\/span><\/span><\/p>\n<p><span style=\"color: #333333;\"><span style=\"font-family: Proxima Nova, apple-system, Roboto, Arial, sans-serif;\"><span style=\"font-size: large;\">Manillar 31,8mm, horquilla 28,6mm<br \/>\nMaterial: Aluminio 7050, forjado en 3D<\/span><\/span><\/span><\/p>\n","protected":false},"featured_media":1504,"template":"","meta":{"site-sidebar-layout":"default","site-content-layout":"default","ast-site-content-layout":"default","site-content-style":"default","site-sidebar-style":"default","ast-global-header-display":"","ast-banner-title-visibility":"","ast-main-header-display":"","ast-hfb-above-header-display":"","ast-hfb-below-header-display":"","ast-hfb-mobile-header-display":"","site-post-title":"","ast-breadcrumbs-content":"","ast-featured-img":"","footer-sml-layout":"","theme-transparent-header-meta":"default","adv-header-id-meta":"","stick-header-meta":"","header-above-stick-meta":"","header-main-stick-meta":"","header-below-stick-meta":"","astra-migrate-meta-layouts":"set","ast-page-background-enabled":"default","ast-page-background-meta":{"desktop":{"background-color":"var(--ast-global-color-4)","background-image":"","background-repeat":"repeat","background-position":"center center","background-size":"auto","background-attachment":"scroll","background-type":"","background-media":"","overlay-type":"","overlay-color":"","overlay-opacity":"","overlay-gradient":""},"tablet":{"background-color":"","background-image":"","background-repeat":"repeat","background-position":"center center","background-size":"auto","background-attachment":"scroll","background-type":"","background-media":"","overlay-type":"","overlay-color":"","overlay-opacity":"","overlay-gradient":""},"mobile":{"background-color":"","background-image":"","background-repeat":"repeat","background-position":"center center","background-size":"auto","background-attachment":"scroll","background-type":"","background-media":"","overlay-type":"","overlay-color":"","overlay-opacity":"","overlay-gradient":""}},"ast-content-background-meta":{"desktop":{"background-color":"var(--ast-global-color-5)","background-image":"","background-repeat":"repeat","background-position":"center center","background-size":"auto","background-attachment":"scroll","background-type":"","background-media":"","overlay-type":"","overlay-color":"","overlay-opacity":"","overlay-gradient":""},"tablet":{"background-color":"var(--ast-global-color-5)","background-image":"","background-repeat":"repeat","background-position":"center center","background-size":"auto","background-attachment":"scroll","background-type":"","background-media":"","overlay-type":"","overlay-color":"","overlay-opacity":"","overlay-gradient":""},"mobile":{"background-color":"var(--ast-global-color-5)","background-image":"","background-repeat":"repeat","background-position":"center center","background-size":"auto","background-attachment":"scroll","background-type":"","background-media":"","overlay-type":"","overlay-color":"","overlay-opacity":"","overlay-gradient":""}},"_joinchat":[]},"product_brand":[],"product_cat":[44,52],"product_tag":[191,190,192],"class_list":{"0":"post-302","1":"product","2":"type-product","3":"status-publish","4":"has-post-thumbnail","6":"product_cat-accesorios","7":"product_cat-cuadros","8":"product_tag-avance","9":"product_tag-potencia","10":"product_tag-stems","11":"desktop-align-left","12":"tablet-align-left","13":"mobile-align-left","15":"first","16":"outofstock","17":"shipping-taxable","18":"purchasable","19":"product-type-simple"},"_links":{"self":[{"href":"https:\/\/trunkuruguay.com\/index.php\/wp-json\/wp\/v2\/product\/302","targetHints":{"allow":["GET"]}}],"collection":[{"href":"https:\/\/trunkuruguay.com\/index.php\/wp-json\/wp\/v2\/product"}],"about":[{"href":"https:\/\/trunkuruguay.com\/index.php\/wp-json\/wp\/v2\/types\/product"}],"wp:featuredmedia":[{"embeddable":true,"href":"https:\/\/trunkuruguay.com\/index.php\/wp-json\/wp\/v2\/media\/1504"}],"wp:attachment":[{"href":"https:\/\/trunkuruguay.com\/index.php\/wp-json\/wp\/v2\/media?parent=302"}],"wp:term":[{"taxonomy":"product_brand","embeddable":true,"href":"https:\/\/trunkuruguay.com\/index.php\/wp-json\/wp\/v2\/product_brand?post=302"},{"taxonomy":"product_cat","embeddable":true,"href":"https:\/\/trunkuruguay.com\/index.php\/wp-json\/wp\/v2\/product_cat?post=302"},{"taxonomy":"product_tag","embeddable":true,"href":"https:\/\/trunkuruguay.com\/index.php\/wp-json\/wp\/v2\/product_tag?post=302"}],"curies":[{"name":"wp","href":"https:\/\/api.w.org\/{rel}","templated":true}]}}