{"id":238,"date":"2023-06-13T09:30:09","date_gmt":"2023-06-13T12:30:09","guid":{"rendered":"https:\/\/trunkuruguay.com\/?post_type=product&#038;p=238"},"modified":"2025-08-27T16:46:03","modified_gmt":"2025-08-27T19:46:03","slug":"cuadro-ican-tt016-contra-reloj-ruta-carbono","status":"publish","type":"product","link":"https:\/\/trunkuruguay.com\/index.php\/product\/cuadro-ican-tt016-contra-reloj-ruta-carbono\/","title":{"rendered":"Cuadro ICAN TT016 Carbono para Contra Reloj &#8211; (POR ENCARGO &#8211; ELEG\u00ed tu TALLE\/COLOR)"},"content":{"rendered":"<p>Cuadro ican TT016 para ruta en la especialidad contra reloj.<\/p>\n<p>Hecho en fibra de carbono T700, caja de centro BB86, rueda eje pasante.<\/p>\n<p>Frame:TT016-D<br \/>\nWeave:UD<br \/>\nBB(Bottom Bracket) :BB86<br \/>\nCarbon Fiber Toray T700<br \/>\nAll internal cable<br \/>\nSIZES: S\/M\/L\/XL<br \/>\nFront ,Rear :100*12mm, 142*12mm<br \/>\nHandlebar:420mm Stem 75mm<br \/>\nWEIGHT<br \/>\nTT016 -D (frame only) (hanger,cable stop,etc about 300g)<br \/>\n1428+-40g (S)<br \/>\n1451+-40g (M)<br \/>\n1477+-40g (L)<br \/>\n1512+-40g (XL)<br \/>\nNo dudes en hacer tus consultas!.<\/p>\n<p>&#8212;&#8212;&#8212;&#8212;&#8212;&#8212;&#8212;&#8212;&#8212;&#8212;&#8212;&#8212;&#8212;&#8212;&#8212;&#8212;&#8212;&#8212;&#8212;&#8212;&#8212;&#8212;&#8212;&#8212;&#8212;&#8212;&#8212;&#8212;&#8212;&#8212;&#8212;-<\/p>\n<p>TRUNKURUGUAY &#8211; Material de competici\u00f3n.<\/p>\n<ul>\n<li>Tienda ONLINE.<\/li>\n<li>ENV\u00cdOS A TODO EL PAIS.<\/li>\n<li>Pick Up para retiro, previa coordinaci\u00f3n (Lunes a viernes de 9:00 a 18:00 Hs).<\/li>\n<\/ul>\n<p>&#8212;&#8212;&#8212;&#8212;&#8212;&#8212;&#8212;&#8212;&#8212;&#8212;&#8212;&#8212;&#8212;&#8212;&#8212;&#8212;&#8212;&#8212;&#8212;&#8212;&#8212;&#8212;&#8212;&#8212;&#8212;&#8212;&#8212;&#8212;&#8212;&#8212;&#8212;-<\/p>\n<p>METODOS DE PAGO.<\/p>\n<p>EN NUESTRA WEB:<\/p>\n<ul>\n<li>Tarjetas de cr\u00e9dito incluidas en Mercado Pago*<\/li>\n<li>VISA &#8211; MASTERCARD &#8211; OCA &#8211; DINERS CLUB &#8211; LIDER &#8211; SCOTIA BANK.<\/li>\n<li>Red de cobranza inclu\u00eddas en Mercado Pago*<\/li>\n<li>PAYPAL<\/li>\n<\/ul>\n<p>COBRO VIA WAPP, INSTAGRAM etc:<\/p>\n<ul>\n<li>Transferencia Bancaria BROU &#8211; ITAU<\/li>\n<li>Dep\u00f3sito en ABITAB o RED PAGOS ( En todos los ABITAB o RED PAGOS se puede hacer dep\u00f3sito al BROU sin pagar comisi\u00f3n).<\/li>\n<li>Mercado Pago ( Por Whatsapp nos informas el\/los productos que deseas comprar y te enviamos el link de pago por el importe exacto).<\/li>\n<\/ul>\n<p>&#8212;&#8212;&#8212;&#8212;&#8212;&#8212;&#8212;&#8212;&#8212;&#8212;&#8212;&#8212;&#8212;&#8212;&#8212;&#8212;&#8212;&#8212;&#8212;&#8212;&#8212;&#8212;&#8212;&#8212;&#8212;&#8212;&#8212;&#8212;&#8212;&#8212;&#8212;-<\/p>\n<p>ENVIOS:<\/p>\n<ul>\n<li>ENV\u00cdOS DENTRO DE MONTEVIDEO tiene un costo de 5 d\u00f3lares.<\/li>\n<\/ul>\n<p>Se realiza en el d\u00eda haciendo la compra antes de las 17:00 hs, luego de esta hora se entrega el pr\u00f3ximo d\u00eda h\u00e1bil.<\/p>\n<ul>\n<li>ENV\u00cdOS AL INTERIOR<\/li>\n<\/ul>\n<p>Se despacha sin costo en Tres Cruces (pago de Agencia en destino) De lunes a viernes hasta las 19:00 Hs.<\/p>\n<p>&#8211; IMPORTANTE si compras en la web desde el interior (<u>NO<\/u> seleccionar la opci\u00f3n de ENVIO).<\/p>\n<p>&#8212;&#8212;&#8212;&#8212;&#8212;&#8212;&#8212;&#8212;&#8212;&#8212;&#8212;&#8212;&#8212;&#8212;&#8212;&#8212;&#8212;&#8212;&#8212;&#8212;&#8212;&#8212;&#8212;&#8212;&#8212;&#8212;&#8212;&#8212;&#8212;&#8212;&#8212;-<\/p>\n","protected":false},"excerpt":{"rendered":"<div class=\"flex-1 overflow-hidden\">\n<div class=\"react-scroll-to-bottom--css-vzblr-79elbk h-full\">\n<div class=\"react-scroll-to-bottom--css-vzblr-1n7m0yu\">\n<div class=\"flex flex-col text-sm gizmo:pb-9 dark:bg-gray-800 gizmo:dark:bg-transparent\">\n<div class=\"group w-full text-token-text-primary border-b border-black\/10 gizmo:border-0 dark:border-gray-900\/50 gizmo:dark:border-0 bg-gray-50 gizmo:bg-transparent dark:bg-[#444654] gizmo:dark:bg-transparent\" data-testid=\"conversation-turn-23\">\n<div class=\"p-4 gizmo:py-2 justify-center text-base md:gap-6 md:py-6 m-auto\">\n<div class=\"flex flex-1 gap-4 text-base mx-auto md:gap-6 gizmo:gap-3 gizmo:md:px-5 gizmo:lg:px-1 gizmo:xl:px-5 md:max-w-2xl lg:max-w-[38rem] gizmo:md:max-w-3xl gizmo:lg:max-w-[40rem] gizmo:xl:max-w-[48rem] xl:max-w-3xl }\">\n<div class=\"relative flex w-[calc(100%-50px)] flex-col gizmo:w-full lg:w-[calc(100%-115px)] agent-turn\">\n<div class=\"flex-col gap-1 md:gap-3\">\n<div class=\"flex flex-grow flex-col gap-3 max-w-full\">\n<div class=\"min-h-[20px] flex flex-col items-start gap-3 whitespace-pre-wrap break-words overflow-x-auto\" data-message-author-role=\"assistant\" data-message-id=\"8f2d175a-ab84-49f7-93f1-b9c42681033d\">\n<div class=\"markdown prose w-full break-words dark:prose-invert light\">\n<p><strong>Tu Cuadro de Contra Reloj a la Medida: Rendimiento Personalizado en Cada Kil\u00f3metro<\/strong><\/p>\n<p>En la b\u00fasqueda constante de la perfecci\u00f3n en la especialidad de contra reloj, no puedes conformarte con menos que lo mejor. Presentamos nuestro cuadro de fibra de carbono personalizado, dise\u00f1ado para cumplir tus expectativas m\u00e1s exigentes.<\/p>\n<p><strong>Rendimiento \u00d3ptimo:<\/strong> Cada detalle se ha perfeccionado para garantizar que cortes el viento con facilidad y obtengas un rendimiento excepcional en cada kil\u00f3metro.<\/p>\n<p><strong>Incluye:<\/strong> Cuadro, horquilla, rodamientos de direcci\u00f3n, avance, tija del sill\u00edn y manillar de contra reloj.<\/p>\n<p><strong>Personalizaci\u00f3n Total:<\/strong> Sabemos que cada ciclista es \u00fanico, al igual que sus necesidades y preferencias. Ofrecemos la posibilidad de personalizar tu cuadro, desde el talle hasta el color que desees. Tu bicicleta ser\u00e1 una extensi\u00f3n de tu personalidad y estilo.<\/p>\n<p><strong>Pago de Se\u00f1a por Adelantado:<\/strong> Los cuadros ICAN especiales (Contra Reloj y Pista) se traen por encargo, previo pago de un 10% del valor del mismo 3 d\u00edas antes de poner la orden en la f\u00e1brica.<\/p>\n<p>Tu defines el talle y color, una vez puesta la orden, tiene una demora de 60 a 120 d\u00edas en llegar.<\/p>\n<p>Es mercader\u00eda que se fabrica a demanda y se trae v\u00eda maritima, si est\u00e1 en stock son 60 d\u00edas, si hay que fabricarlo puede tardar hasta 120 d\u00edas tenerlo en el pais.<\/p>\n<p><strong>La Mejor Opci\u00f3n para los M\u00e1s Exigentes:<\/strong> Si buscas un cuadro que est\u00e9 a la altura de tus expectativas m\u00e1s exigentes, no busques m\u00e1s. Nuestro cuadro de fibra de carbono personalizado es la elecci\u00f3n definitiva para los amantes de la especialidad de contra reloj.<\/p>\n<p><strong>\u00bfEst\u00e1s Listo para la Velocidad Personalizada?<\/strong> Eleva tu rendimiento con un cuadro dise\u00f1ado especialmente para ti. Cada pedalada te llevar\u00e1 un paso m\u00e1s cerca de tus metas. \u00bfListo para dominar las pruebas contra el reloj?<\/p>\n<\/div>\n<\/div>\n<\/div>\n<\/div>\n<\/div>\n<\/div>\n<\/div>\n<\/div>\n<\/div>\n<\/div>\n<\/div>\n<\/div>\n","protected":false},"featured_media":239,"template":"","meta":{"site-sidebar-layout":"default","site-content-layout":"default","ast-site-content-layout":"default","site-content-style":"default","site-sidebar-style":"default","ast-global-header-display":"","ast-banner-title-visibility":"","ast-main-header-display":"","ast-hfb-above-header-display":"","ast-hfb-below-header-display":"","ast-hfb-mobile-header-display":"","site-post-title":"","ast-breadcrumbs-content":"","ast-featured-img":"","footer-sml-layout":"","theme-transparent-header-meta":"default","adv-header-id-meta":"","stick-header-meta":"","header-above-stick-meta":"","header-main-stick-meta":"","header-below-stick-meta":"","astra-migrate-meta-layouts":"set","ast-page-background-enabled":"default","ast-page-background-meta":{"desktop":{"background-color":"var(--ast-global-color-4)","background-image":"","background-repeat":"repeat","background-position":"center center","background-size":"auto","background-attachment":"scroll","background-type":"","background-media":"","overlay-type":"","overlay-color":"","overlay-opacity":"","overlay-gradient":""},"tablet":{"background-color":"","background-image":"","background-repeat":"repeat","background-position":"center center","background-size":"auto","background-attachment":"scroll","background-type":"","background-media":"","overlay-type":"","overlay-color":"","overlay-opacity":"","overlay-gradient":""},"mobile":{"background-color":"","background-image":"","background-repeat":"repeat","background-position":"center center","background-size":"auto","background-attachment":"scroll","background-type":"","background-media":"","overlay-type":"","overlay-color":"","overlay-opacity":"","overlay-gradient":""}},"ast-content-background-meta":{"desktop":{"background-color":"var(--ast-global-color-5)","background-image":"","background-repeat":"repeat","background-position":"center center","background-size":"auto","background-attachment":"scroll","background-type":"","background-media":"","overlay-type":"","overlay-color":"","overlay-opacity":"","overlay-gradient":""},"tablet":{"background-color":"var(--ast-global-color-5)","background-image":"","background-repeat":"repeat","background-position":"center center","background-size":"auto","background-attachment":"scroll","background-type":"","background-media":"","overlay-type":"","overlay-color":"","overlay-opacity":"","overlay-gradient":""},"mobile":{"background-color":"var(--ast-global-color-5)","background-image":"","background-repeat":"repeat","background-position":"center center","background-size":"auto","background-attachment":"scroll","background-type":"","background-media":"","overlay-type":"","overlay-color":"","overlay-opacity":"","overlay-gradient":""}},"_joinchat":[]},"product_brand":[],"product_cat":[48],"product_tag":[21,37,35,36],"class_list":{"0":"post-238","1":"product","2":"type-product","3":"status-publish","4":"has-post-thumbnail","6":"product_cat-cuadro-ruta-carbono","7":"product_tag-carbono","8":"product_tag-contra-reloj","9":"product_tag-cuadro-ican-tt016","10":"product_tag-ruta","11":"desktop-align-left","12":"tablet-align-left","13":"mobile-align-left","15":"first","16":"outofstock","17":"shipping-taxable","18":"purchasable","19":"product-type-simple"},"_links":{"self":[{"href":"https:\/\/trunkuruguay.com\/index.php\/wp-json\/wp\/v2\/product\/238","targetHints":{"allow":["GET"]}}],"collection":[{"href":"https:\/\/trunkuruguay.com\/index.php\/wp-json\/wp\/v2\/product"}],"about":[{"href":"https:\/\/trunkuruguay.com\/index.php\/wp-json\/wp\/v2\/types\/product"}],"wp:featuredmedia":[{"embeddable":true,"href":"https:\/\/trunkuruguay.com\/index.php\/wp-json\/wp\/v2\/media\/239"}],"wp:attachment":[{"href":"https:\/\/trunkuruguay.com\/index.php\/wp-json\/wp\/v2\/media?parent=238"}],"wp:term":[{"taxonomy":"product_brand","embeddable":true,"href":"https:\/\/trunkuruguay.com\/index.php\/wp-json\/wp\/v2\/product_brand?post=238"},{"taxonomy":"product_cat","embeddable":true,"href":"https:\/\/trunkuruguay.com\/index.php\/wp-json\/wp\/v2\/product_cat?post=238"},{"taxonomy":"product_tag","embeddable":true,"href":"https:\/\/trunkuruguay.com\/index.php\/wp-json\/wp\/v2\/product_tag?post=238"}],"curies":[{"name":"wp","href":"https:\/\/api.w.org\/{rel}","templated":true}]}}