{"id":230,"date":"2023-06-13T09:20:38","date_gmt":"2023-06-13T12:20:38","guid":{"rendered":"https:\/\/trunkuruguay.com\/?post_type=product&#038;p=230"},"modified":"2025-08-27T16:46:31","modified_gmt":"2025-08-27T19:46:31","slug":"marco-ican-a40-ruta-carbono","status":"publish","type":"product","link":"https:\/\/trunkuruguay.com\/index.php\/product\/marco-ican-a40-ruta-carbono\/","title":{"rendered":"Cuadro ican A40 ruta carbono"},"content":{"rendered":"<p>Marco ICAN A40, ruta fibra de carbono, frendo de disco rueda eje pasante.<\/p>\n<p>Items:A40<br \/>\nAll internal cable<br \/>\nFlat mount disc brake<br \/>\nSIZES<br \/>\n46\/49\/52\/55cm<br \/>\nHeadset size:top 1-1\/2\u201d down 1-1\/2&#8243; FSA NO.55R<br \/>\nMax tyre size:700*28C<br \/>\nWEIGHT<br \/>\n46cm-1003 \u571f40g<br \/>\n49cm-1063\u571f40g<br \/>\n52cm-1073\u571f40g<br \/>\n55cm-1083 \u571f40g<br \/>\nFork 390\u571f15g<br \/>\nMaterial: full carbon toray700&amp;800<br \/>\nTested:SGS\/IS04210-6<\/p>\n<p>&#8212;&#8212;&#8212;&#8212;&#8212;&#8212;&#8212;&#8212;&#8212;&#8212;&#8212;&#8212;&#8212;&#8212;&#8212;&#8212;&#8212;&#8212;&#8212;&#8212;&#8212;&#8212;&#8212;&#8212;&#8212;&#8212;&#8212;&#8212;&#8212;&#8212;&#8212;-<\/p>\n<p>TRUNKURUGUAY &#8211; Material de competici\u00f3n.<\/p>\n<ul>\n<li>Tienda ONLINE.<\/li>\n<li>ENV\u00cdOS A TODO EL PAIS.<\/li>\n<li>Pick Up para retiro, previa coordinaci\u00f3n (Lunes a viernes de 9:00 a 18:00 Hs).<\/li>\n<\/ul>\n<p>&#8212;&#8212;&#8212;&#8212;&#8212;&#8212;&#8212;&#8212;&#8212;&#8212;&#8212;&#8212;&#8212;&#8212;&#8212;&#8212;&#8212;&#8212;&#8212;&#8212;&#8212;&#8212;&#8212;&#8212;&#8212;&#8212;&#8212;&#8212;&#8212;&#8212;&#8212;-<\/p>\n<p>METODOS DE PAGO.<\/p>\n<p>EN NUESTRA WEB:<\/p>\n<ul>\n<li>Tarjetas de cr\u00e9dito incluidas en Mercado Pago*<\/li>\n<li>VISA &#8211; MASTERCARD &#8211; OCA &#8211; DINERS CLUB &#8211; LIDER &#8211; SCOTIA BANK.<\/li>\n<li>Red de cobranza inclu\u00eddas en Mercado Pago*<\/li>\n<li>PAYPAL<\/li>\n<\/ul>\n<p>COBRO VIA WAPP, INSTAGRAM etc:<\/p>\n<ul>\n<li>Transferencia Bancaria BROU &#8211; ITAU<\/li>\n<li>Dep\u00f3sito en ABITAB o RED PAGOS ( En todos los ABITAB o RED PAGOS se puede hacer dep\u00f3sito al BROU sin pagar comisi\u00f3n).<\/li>\n<li>Mercado Pago ( Por Whatsapp nos informas el\/los productos que deseas comprar y te enviamos el link de pago por el importe exacto).<\/li>\n<\/ul>\n<p>&#8212;&#8212;&#8212;&#8212;&#8212;&#8212;&#8212;&#8212;&#8212;&#8212;&#8212;&#8212;&#8212;&#8212;&#8212;&#8212;&#8212;&#8212;&#8212;&#8212;&#8212;&#8212;&#8212;&#8212;&#8212;&#8212;&#8212;&#8212;&#8212;&#8212;&#8212;-<\/p>\n<p>ENVIOS:<\/p>\n<ul>\n<li>ENV\u00cdOS DENTRO DE MONTEVIDEO tiene un costo de 5 d\u00f3lares.<\/li>\n<\/ul>\n<p>Se realiza en el d\u00eda haciendo la compra antes de las 17:00 hs, luego de esta hora se entrega el pr\u00f3ximo d\u00eda h\u00e1bil.<\/p>\n<ul>\n<li>ENV\u00cdOS AL INTERIOR<\/li>\n<\/ul>\n<p>Se despacha sin costo en Tres Cruces (pago de Agencia en destino) De lunes a viernes hasta las 19:00 Hs.<\/p>\n<p>&#8211; IMPORTANTE si compras en la web desde el interior (<u>NO<\/u> seleccionar la opci\u00f3n de ENVIO).<\/p>\n<p>&#8212;&#8212;&#8212;&#8212;&#8212;&#8212;&#8212;&#8212;&#8212;&#8212;&#8212;&#8212;&#8212;&#8212;&#8212;&#8212;&#8212;&#8212;&#8212;&#8212;&#8212;&#8212;&#8212;&#8212;&#8212;&#8212;&#8212;&#8212;&#8212;&#8212;&#8212;-<\/p>\n","protected":false},"excerpt":{"rendered":"<p>Marco ICAN A40, ruta fibra de carbono, frendo de disco rueda eje pasante. Items:A40 All internal cable Flat mount disc brake SIZES 46\/49\/52\/55cm Headset size:top 1-1\/2\u201d down 1-1\/2&#8243; FSA NO.55R Max tyre size:700*28C WEIGHT 46cm-1003 \u571f40g 49cm-1063\u571f40g 52cm-1073\u571f40g 55cm-1083 \u571f40g Fork 390\u571f15g Material: full carbon toray700&amp;800 Tested:SGS\/IS04210-6 &#8212;&#8212;&#8212;&#8212;&#8212;&#8212;&#8212;&#8212;&#8212;&#8212;&#8212;&#8212;&#8212;&#8212;&#8212;&#8212;&#8212;&#8212;&#8212;&#8212;&#8212;&#8212;&#8212;&#8212;&#8212;&#8212;&#8212;&#8212;&#8212;&#8212;&#8212;- TRUNKURUGUAY &#8211; Material de competici\u00f3n. Tienda ONLINE. [&hellip;]<\/p>\n","protected":false},"featured_media":231,"template":"","meta":{"site-sidebar-layout":"default","site-content-layout":"default","ast-site-content-layout":"default","site-content-style":"default","site-sidebar-style":"default","ast-global-header-display":"","ast-banner-title-visibility":"","ast-main-header-display":"","ast-hfb-above-header-display":"","ast-hfb-below-header-display":"","ast-hfb-mobile-header-display":"","site-post-title":"","ast-breadcrumbs-content":"","ast-featured-img":"","footer-sml-layout":"","theme-transparent-header-meta":"default","adv-header-id-meta":"","stick-header-meta":"","header-above-stick-meta":"","header-main-stick-meta":"","header-below-stick-meta":"","astra-migrate-meta-layouts":"set","ast-page-background-enabled":"default","ast-page-background-meta":{"desktop":{"background-color":"var(--ast-global-color-4)","background-image":"","background-repeat":"repeat","background-position":"center center","background-size":"auto","background-attachment":"scroll","background-type":"","background-media":"","overlay-type":"","overlay-color":"","overlay-opacity":"","overlay-gradient":""},"tablet":{"background-color":"","background-image":"","background-repeat":"repeat","background-position":"center center","background-size":"auto","background-attachment":"scroll","background-type":"","background-media":"","overlay-type":"","overlay-color":"","overlay-opacity":"","overlay-gradient":""},"mobile":{"background-color":"","background-image":"","background-repeat":"repeat","background-position":"center center","background-size":"auto","background-attachment":"scroll","background-type":"","background-media":"","overlay-type":"","overlay-color":"","overlay-opacity":"","overlay-gradient":""}},"ast-content-background-meta":{"desktop":{"background-color":"var(--ast-global-color-5)","background-image":"","background-repeat":"repeat","background-position":"center center","background-size":"auto","background-attachment":"scroll","background-type":"","background-media":"","overlay-type":"","overlay-color":"","overlay-opacity":"","overlay-gradient":""},"tablet":{"background-color":"var(--ast-global-color-5)","background-image":"","background-repeat":"repeat","background-position":"center center","background-size":"auto","background-attachment":"scroll","background-type":"","background-media":"","overlay-type":"","overlay-color":"","overlay-opacity":"","overlay-gradient":""},"mobile":{"background-color":"var(--ast-global-color-5)","background-image":"","background-repeat":"repeat","background-position":"center center","background-size":"auto","background-attachment":"scroll","background-type":"","background-media":"","overlay-type":"","overlay-color":"","overlay-opacity":"","overlay-gradient":""}},"_joinchat":[]},"product_brand":[],"product_cat":[15],"product_tag":[34],"class_list":{"0":"post-230","1":"product","2":"type-product","3":"status-publish","4":"has-post-thumbnail","6":"product_cat-uncategorized","7":"product_tag-cuadro-ican-a40","8":"desktop-align-left","9":"tablet-align-left","10":"mobile-align-left","12":"first","13":"outofstock","14":"shipping-taxable","15":"product-type-simple"},"_links":{"self":[{"href":"https:\/\/trunkuruguay.com\/index.php\/wp-json\/wp\/v2\/product\/230","targetHints":{"allow":["GET"]}}],"collection":[{"href":"https:\/\/trunkuruguay.com\/index.php\/wp-json\/wp\/v2\/product"}],"about":[{"href":"https:\/\/trunkuruguay.com\/index.php\/wp-json\/wp\/v2\/types\/product"}],"wp:featuredmedia":[{"embeddable":true,"href":"https:\/\/trunkuruguay.com\/index.php\/wp-json\/wp\/v2\/media\/231"}],"wp:attachment":[{"href":"https:\/\/trunkuruguay.com\/index.php\/wp-json\/wp\/v2\/media?parent=230"}],"wp:term":[{"taxonomy":"product_brand","embeddable":true,"href":"https:\/\/trunkuruguay.com\/index.php\/wp-json\/wp\/v2\/product_brand?post=230"},{"taxonomy":"product_cat","embeddable":true,"href":"https:\/\/trunkuruguay.com\/index.php\/wp-json\/wp\/v2\/product_cat?post=230"},{"taxonomy":"product_tag","embeddable":true,"href":"https:\/\/trunkuruguay.com\/index.php\/wp-json\/wp\/v2\/product_tag?post=230"}],"curies":[{"name":"wp","href":"https:\/\/api.w.org\/{rel}","templated":true}]}}