{"id":1922,"date":"2025-08-08T16:22:08","date_gmt":"2025-08-08T19:22:08","guid":{"rendered":"https:\/\/trunkuruguay.com\/?post_type=product&#038;p=1922"},"modified":"2026-01-09T11:23:25","modified_gmt":"2026-01-09T14:23:25","slug":"sensor-cardiaco-magene-h003-h64-nueva-version","status":"publish","type":"product","link":"https:\/\/trunkuruguay.com\/index.php\/product\/sensor-cardiaco-magene-h003-h64-nueva-version\/","title":{"rendered":"Sensor Card\u00edaco Magene H003 (H64 Nueva Versi\u00f3n)."},"content":{"rendered":"<p>Descripci\u00f3n:<\/p>\n<p>El hardware y el algoritmo del puls\u00f3metro con banda pectoral Magene H003 (Nueva versi\u00f3n H64) se han optimizado para mejorar la fiabilidad y precisi\u00f3n de la detecci\u00f3n de la frecuencia card\u00edaca durante el ejercicio.<\/p>\n<p>La bater\u00eda tiene una duraci\u00f3n de 1000 horas: 1 hora al d\u00eda, 4 veces por semana, lo que supone 2,5 a\u00f1os de autonom\u00eda. (Los datos de duraci\u00f3n de la bater\u00eda se basan en pruebas de laboratorio. La situaci\u00f3n real puede variar ligeramente debido al entorno de uso y otros factores).<\/p>\n<p>[Compatible con Ant+ y Bluetooth] 2 copias de datos para 1 entrenamiento, grabando simult\u00e1neamente mediante un dispositivo ANT+ y la aplicaci\u00f3n Bluetooth, con transmisi\u00f3n estable. ANT+: Magene, Wahoo, IGPSPORT, Bryton, Black Bird. Bluetooth: Zwift, Onelap, Strava, Kinomap, Wahoo Fitness, TrainerRoad, Rouvy, Fulgaz, Openrider, Elite HRV, Selfloops HRV, etc.<\/p>\n<p>[IP67 a prueba de polvo y agua] Cubre tus necesidades de resistencia al agua y al polvo durante el uso diario.<\/p>\n<p>El monitor de frecuencia card\u00edaca Magene H003 (H64 Nueva Versi\u00f3n) tambi\u00e9n se puede conectar a ciclocomputadores, relojes deportivos y equipos de fitness, como Peloton bike, Onelap bike, Nordic treadmill, Pro-Form treadmill\/ iFIT treadmill\/Echelon y muchos otros.<\/p>\n<p>Aviso 1: Al usar una aplicaci\u00f3n para smartphone, debe buscar el sensor en la aplicaci\u00f3n; la b\u00fasqueda a trav\u00e9s de la configuraci\u00f3n de Bluetooth del tel\u00e9fono no es v\u00e1lida.<\/p>\n<p>Aviso 2: Retire la l\u00e1mina aislante de la bater\u00eda preinstalada antes del primer uso.<\/p>\n<p>Aviso 3: Humedezca la zona de los electrodos; el logotipo de Magene debe estar orientado hacia arriba. De lo contrario, otros dispositivos no podr\u00e1n detectar el sensor.<\/p>\n<p>Aviso 4: El sensor H003 (H64 Nueva Versi\u00f3n) entrar\u00e1 autom\u00e1ticamente en modo de suspensi\u00f3n despu\u00e9s de 30 segundos para ahorrar energ\u00eda tras retirar la banda de frecuencia card\u00edaca.<\/p>\n<p>&#8212;&#8212;&#8212;&#8212;&#8212;&#8212;&#8212;&#8212;&#8212;&#8212;&#8212;&#8212;&#8212;&#8212;&#8212;&#8212;&#8212;&#8212;&#8212;&#8212;&#8212;&#8212;&#8212;&#8212;&#8212;&#8212;&#8212;&#8212;&#8212;&#8212;&#8212;-<\/p>\n<p>TRUNKURUGUAY &#8211; Material de competici\u00f3n.<\/p>\n<ul>\n<li>Tienda ONLINE.<\/li>\n<li>ENV\u00cdOS A TODO EL PAIS.<\/li>\n<li>Pick Up para retiro, previa coordinaci\u00f3n (Lunes a viernes de 9:00 a 18:00 Hs).<\/li>\n<\/ul>\n<p>&#8212;&#8212;&#8212;&#8212;&#8212;&#8212;&#8212;&#8212;&#8212;&#8212;&#8212;&#8212;&#8212;&#8212;&#8212;&#8212;&#8212;&#8212;&#8212;&#8212;&#8212;&#8212;&#8212;&#8212;&#8212;&#8212;&#8212;&#8212;&#8212;&#8212;&#8212;-<\/p>\n<p>METODOS DE PAGO.<\/p>\n<p>EN NUESTRA WEB:<\/p>\n<ul>\n<li>Tarjetas de cr\u00e9dito incluidas en Mercado Pago*<\/li>\n<li>VISA &#8211; MASTERCARD &#8211; OCA &#8211; DINERS CLUB &#8211; LIDER &#8211; SCOTIA BANK.<\/li>\n<li>Red de cobranza inclu\u00eddas en Mercado Pago*<\/li>\n<li>PAYPAL<\/li>\n<\/ul>\n<p>COBRO VIA WAPP, INSTAGRAM etc:<\/p>\n<ul>\n<li>Transferencia Bancaria BROU &#8211; ITAU<\/li>\n<li>Dep\u00f3sito en ABITAB o RED PAGOS ( En todos los ABITAB o RED PAGOS se puede hacer dep\u00f3sito al BROU sin pagar comisi\u00f3n).<\/li>\n<li>Mercado Pago ( Por Whatsapp nos informas el\/los productos que deseas comprar y te enviamos el link de pago por el importe exacto).<\/li>\n<\/ul>\n<p>&#8212;&#8212;&#8212;&#8212;&#8212;&#8212;&#8212;&#8212;&#8212;&#8212;&#8212;&#8212;&#8212;&#8212;&#8212;&#8212;&#8212;&#8212;&#8212;&#8212;&#8212;&#8212;&#8212;&#8212;&#8212;&#8212;&#8212;&#8212;&#8212;&#8212;&#8212;-<\/p>\n<p>ENVIOS:<\/p>\n<ul>\n<li>ENV\u00cdOS DENTRO DE MONTEVIDEO tiene un costo de 5 d\u00f3lares.<\/li>\n<\/ul>\n<p>Se realiza en el d\u00eda haciendo la compra antes de las 17:00 hs, luego de esta hora se entrega el pr\u00f3ximo d\u00eda h\u00e1bil.<\/p>\n<ul>\n<li>ENV\u00cdOS AL INTERIOR<\/li>\n<\/ul>\n<p>Se despacha sin costo en Tres Cruces (pago de Agencia en destino) De lunes a viernes hasta las 19:00 Hs.<\/p>\n<p>&#8211; IMPORTANTE si compras en la web desde el interior (<u>NO<\/u> seleccionar la opci\u00f3n de ENVIO).<\/p>\n<p>&#8212;&#8212;&#8212;&#8212;&#8212;&#8212;&#8212;&#8212;&#8212;&#8212;&#8212;&#8212;&#8212;&#8212;&#8212;&#8212;&#8212;&#8212;&#8212;&#8212;&#8212;&#8212;&#8212;&#8212;&#8212;&#8212;&#8212;&#8212;&#8212;&#8212;&#8212;-<\/p>\n","protected":false},"excerpt":{"rendered":"<h1 class=\"western\"><span style=\"color: #0f1111;\"><span style=\"font-family: Arial, sans-serif;\"><span style=\"font-size: x-large;\">Magene H003 (H64 Nueva Versi\u00f3n) Sensor Card\u00edaco Mediante Banda Pectoral, Protocol ANT+\/Bluetooth, Compatible with iOS\/Android APPs<\/span><\/span><\/span><\/h1>\n","protected":false},"featured_media":1923,"template":"","meta":{"site-sidebar-layout":"default","site-content-layout":"","ast-site-content-layout":"default","site-content-style":"default","site-sidebar-style":"default","ast-global-header-display":"","ast-banner-title-visibility":"","ast-main-header-display":"","ast-hfb-above-header-display":"","ast-hfb-below-header-display":"","ast-hfb-mobile-header-display":"","site-post-title":"","ast-breadcrumbs-content":"","ast-featured-img":"","footer-sml-layout":"","theme-transparent-header-meta":"default","adv-header-id-meta":"","stick-header-meta":"","header-above-stick-meta":"","header-main-stick-meta":"","header-below-stick-meta":"","astra-migrate-meta-layouts":"set","ast-page-background-enabled":"default","ast-page-background-meta":{"desktop":{"background-color":"var(--ast-global-color-4)","background-image":"","background-repeat":"repeat","background-position":"center center","background-size":"auto","background-attachment":"scroll","background-type":"","background-media":"","overlay-type":"","overlay-color":"","overlay-opacity":"","overlay-gradient":""},"tablet":{"background-color":"","background-image":"","background-repeat":"repeat","background-position":"center center","background-size":"auto","background-attachment":"scroll","background-type":"","background-media":"","overlay-type":"","overlay-color":"","overlay-opacity":"","overlay-gradient":""},"mobile":{"background-color":"","background-image":"","background-repeat":"repeat","background-position":"center center","background-size":"auto","background-attachment":"scroll","background-type":"","background-media":"","overlay-type":"","overlay-color":"","overlay-opacity":"","overlay-gradient":""}},"ast-content-background-meta":{"desktop":{"background-color":"var(--ast-global-color-5)","background-image":"","background-repeat":"repeat","background-position":"center center","background-size":"auto","background-attachment":"scroll","background-type":"","background-media":"","overlay-type":"","overlay-color":"","overlay-opacity":"","overlay-gradient":""},"tablet":{"background-color":"var(--ast-global-color-5)","background-image":"","background-repeat":"repeat","background-position":"center center","background-size":"auto","background-attachment":"scroll","background-type":"","background-media":"","overlay-type":"","overlay-color":"","overlay-opacity":"","overlay-gradient":""},"mobile":{"background-color":"var(--ast-global-color-5)","background-image":"","background-repeat":"repeat","background-position":"center center","background-size":"auto","background-attachment":"scroll","background-type":"","background-media":"","overlay-type":"","overlay-color":"","overlay-opacity":"","overlay-gradient":""}},"_joinchat":[]},"product_brand":[],"product_cat":[44],"product_tag":[233,234,221,235,220,236,230],"class_list":{"0":"post-1922","1":"product","2":"type-product","3":"status-publish","4":"has-post-thumbnail","6":"product_cat-accesorios","7":"product_tag-cardiaco","8":"product_tag-cardio","9":"product_tag-ciclocomputador","10":"product_tag-corazon","11":"product_tag-magene","12":"product_tag-pulso","13":"product_tag-sensor","14":"desktop-align-left","15":"tablet-align-left","16":"mobile-align-left","18":"first","19":"instock","20":"shipping-taxable","21":"purchasable","22":"product-type-simple"},"_links":{"self":[{"href":"https:\/\/trunkuruguay.com\/index.php\/wp-json\/wp\/v2\/product\/1922","targetHints":{"allow":["GET"]}}],"collection":[{"href":"https:\/\/trunkuruguay.com\/index.php\/wp-json\/wp\/v2\/product"}],"about":[{"href":"https:\/\/trunkuruguay.com\/index.php\/wp-json\/wp\/v2\/types\/product"}],"wp:featuredmedia":[{"embeddable":true,"href":"https:\/\/trunkuruguay.com\/index.php\/wp-json\/wp\/v2\/media\/1923"}],"wp:attachment":[{"href":"https:\/\/trunkuruguay.com\/index.php\/wp-json\/wp\/v2\/media?parent=1922"}],"wp:term":[{"taxonomy":"product_brand","embeddable":true,"href":"https:\/\/trunkuruguay.com\/index.php\/wp-json\/wp\/v2\/product_brand?post=1922"},{"taxonomy":"product_cat","embeddable":true,"href":"https:\/\/trunkuruguay.com\/index.php\/wp-json\/wp\/v2\/product_cat?post=1922"},{"taxonomy":"product_tag","embeddable":true,"href":"https:\/\/trunkuruguay.com\/index.php\/wp-json\/wp\/v2\/product_tag?post=1922"}],"curies":[{"name":"wp","href":"https:\/\/api.w.org\/{rel}","templated":true}]}}