{"id":1855,"date":"2025-03-21T12:57:52","date_gmt":"2025-03-21T15:57:52","guid":{"rendered":"https:\/\/trunkuruguay.com\/?post_type=product&#038;p=1855"},"modified":"2026-01-05T17:27:03","modified_gmt":"2026-01-05T20:27:03","slug":"juego-de-dos-sensores-magene-s3-velocidad-y-cadencia","status":"publish","type":"product","link":"https:\/\/trunkuruguay.com\/index.php\/product\/juego-de-dos-sensores-magene-s3-velocidad-y-cadencia\/","title":{"rendered":"Juego de Dos Sensores Magene S3+ (Velocidad y Cadencia)"},"content":{"rendered":"<p>Sensor de modo dual velocidad\/cadencia S3+<\/p>\n<p>El sensor S3+ es la versi\u00f3n actualizada del GEMINI 200. Al reinstalar la bater\u00eda, puede cambiar el dispositivo entre los modos de sensor de velocidad y sensor de cadencia. Al admitir la conexi\u00f3n a trav\u00e9s de ANT+\u2122 y Bluetooth, S3+ puede registrar datos con precisi\u00f3n, lo que lo convierte en el mejor compa\u00f1ero para una amplia gama de computadoras GPS y aplicaciones para tel\u00e9fonos inteligentes.<\/p>\n<p>Preciso, conveniente<\/p>\n<p>Con un nuevo chip de sensor geomagn\u00e9tico en el interior, S3+ no necesita imanes externos pero a\u00fan as\u00ed proporciona datos precisos. Se optimizo la tapa de la bater\u00eda y los contactos de la bater\u00eda para un uso m\u00e1s conveniente. Se refinaron los peque\u00f1os detalles para brindarle una mejor experiencia.<\/p>\n<p>M\u00faltiples funciones<\/p>\n<p>La compatibilidad con el protocolo dual ANT+\u2122 y Bluetooth lo hace compatible con el 90% de los equipos de entrenamiento del mercado y admite la conexi\u00f3n simult\u00e1nea de diferentes protocolos entre dos dispositivos, lo que le permite realizar m\u00faltiples registros de un solo entrenamiento.<\/p>\n<p>Satisface todas sus necesidades<\/p>\n<p>Cuerpo m\u00e1s peque\u00f1o, mayor duraci\u00f3n de la bater\u00eda: 8,4 mm de grosor y solo 8,8 g. Con una bater\u00eda CR2032 en el interior, la duraci\u00f3n de la bater\u00eda puede alcanzar hasta 500 horas. Nunca dejes de andar en bicicleta.<\/p>\n<p>Impermeable, sin miedo a los elementos: la impermeabilidad IP66 puede satisfacer tus necesidades diarias, sin necesidad de temer al clima.<\/p>\n<table width=\"305\" cellspacing=\"0\" cellpadding=\"2\">\n<tbody>\n<tr>\n<td colspan=\"2\" width=\"301\">Specifications<\/td>\n<\/tr>\n<tr>\n<th width=\"157\">Product Size<\/th>\n<td width=\"140\">85*29.8*38.3mm<\/td>\n<\/tr>\n<tr>\n<th width=\"157\">Wireless Connect<\/th>\n<td width=\"140\">Bluetooth 4.0\/ANT+<\/td>\n<\/tr>\n<tr>\n<th width=\"157\">Data<\/th>\n<td width=\"140\">Cadence\/Speed<\/td>\n<\/tr>\n<tr>\n<th width=\"157\">Waterproof Grade<\/th>\n<td width=\"140\">IP66<\/td>\n<\/tr>\n<tr>\n<th width=\"157\">Sensor<\/th>\n<td width=\"140\">Geomagnetic Sensor<\/td>\n<\/tr>\n<tr>\n<th width=\"157\">Working Temperature<\/th>\n<td width=\"140\">-20-50\u2103<\/td>\n<\/tr>\n<tr>\n<th width=\"157\">Weight<\/th>\n<td width=\"140\">9g (with battery)<\/td>\n<\/tr>\n<tr>\n<th width=\"157\">Product Type<\/th>\n<td width=\"140\">S3+<\/td>\n<\/tr>\n<\/tbody>\n<\/table>\n<p>&#8212;&#8212;&#8212;&#8212;&#8212;&#8212;&#8212;&#8212;&#8212;&#8212;&#8212;&#8212;&#8212;&#8212;&#8212;&#8212;&#8212;&#8212;&#8212;&#8212;&#8212;&#8212;&#8212;&#8212;&#8212;&#8212;&#8212;&#8212;&#8212;&#8212;&#8212;-<\/p>\n<p>TRUNKURUGUAY &#8211; Material de competici\u00f3n.<\/p>\n<ul>\n<li>Tienda ONLINE.<\/li>\n<li>ENV\u00cdOS A TODO EL PAIS.<\/li>\n<li>Pick Up para retiro, previa coordinaci\u00f3n (Lunes a viernes de 9:00 a 18:00 Hs).<\/li>\n<\/ul>\n<p>&#8212;&#8212;&#8212;&#8212;&#8212;&#8212;&#8212;&#8212;&#8212;&#8212;&#8212;&#8212;&#8212;&#8212;&#8212;&#8212;&#8212;&#8212;&#8212;&#8212;&#8212;&#8212;&#8212;&#8212;&#8212;&#8212;&#8212;&#8212;&#8212;&#8212;&#8212;-<\/p>\n<p>METODOS DE PAGO.<\/p>\n<p>EN NUESTRA WEB:<\/p>\n<ul>\n<li>Tarjetas de cr\u00e9dito incluidas en Mercado Pago*<\/li>\n<li>VISA &#8211; MASTERCARD &#8211; OCA &#8211; DINERS CLUB &#8211; LIDER &#8211; SCOTIA BANK.<\/li>\n<li>Red de cobranza inclu\u00eddas en Mercado Pago*<\/li>\n<li>PAYPAL<\/li>\n<\/ul>\n<p>COBRO VIA WAPP, INSTAGRAM etc:<\/p>\n<ul>\n<li>Transferencia Bancaria BROU &#8211; ITAU<\/li>\n<li>Dep\u00f3sito en ABITAB o RED PAGOS ( En todos los ABITAB o RED PAGOS se puede hacer dep\u00f3sito al BROU sin pagar comisi\u00f3n).<\/li>\n<li>Mercado Pago ( Por Whatsapp nos informas el\/los productos que deseas comprar y te enviamos el link de pago por el importe exacto).<\/li>\n<\/ul>\n<p>&#8212;&#8212;&#8212;&#8212;&#8212;&#8212;&#8212;&#8212;&#8212;&#8212;&#8212;&#8212;&#8212;&#8212;&#8212;&#8212;&#8212;&#8212;&#8212;&#8212;&#8212;&#8212;&#8212;&#8212;&#8212;&#8212;&#8212;&#8212;&#8212;&#8212;&#8212;-<\/p>\n<p>ENVIOS:<\/p>\n<ul>\n<li>ENV\u00cdOS DENTRO DE MONTEVIDEO tiene un costo de 5 d\u00f3lares.<\/li>\n<\/ul>\n<p>Se realiza en el d\u00eda haciendo la compra antes de las 17:00 hs, luego de esta hora se entrega el pr\u00f3ximo d\u00eda h\u00e1bil.<\/p>\n<ul>\n<li>ENV\u00cdOS AL INTERIOR<\/li>\n<\/ul>\n<p>Se despacha sin costo en Tres Cruces (pago de Agencia en destino) De lunes a viernes hasta las 19:00 Hs.<\/p>\n<p>&#8211; IMPORTANTE si compras en la web desde el interior (<u>NO<\/u> seleccionar la opci\u00f3n de ENVIO).<\/p>\n<p>&#8212;&#8212;&#8212;&#8212;&#8212;&#8212;&#8212;&#8212;&#8212;&#8212;&#8212;&#8212;&#8212;&#8212;&#8212;&#8212;&#8212;&#8212;&#8212;&#8212;&#8212;&#8212;&#8212;&#8212;&#8212;&#8212;&#8212;&#8212;&#8212;&#8212;&#8212;-<\/p>\n","protected":false},"excerpt":{"rendered":"<p>El sensor Magene S3+ es la versi\u00f3n actualizada del GEMINI 200. Al reinstalar la bater\u00eda, puede cambiar el dispositivo entre los modos de sensor de velocidad y sensor de cadencia. Al admitir la conexi\u00f3n a trav\u00e9s de ANT+\u2122 y Bluetooth, S3+ puede registrar datos con precisi\u00f3n, lo que lo convierte en el mejor compa\u00f1ero para una amplia gama de computadoras GPS y aplicaciones para tel\u00e9fonos inteligentes.<\/p>\n<p>&nbsp;<\/p>\n","protected":false},"featured_media":1857,"template":"","meta":{"site-sidebar-layout":"default","site-content-layout":"","ast-site-content-layout":"default","site-content-style":"default","site-sidebar-style":"default","ast-global-header-display":"","ast-banner-title-visibility":"","ast-main-header-display":"","ast-hfb-above-header-display":"","ast-hfb-below-header-display":"","ast-hfb-mobile-header-display":"","site-post-title":"","ast-breadcrumbs-content":"","ast-featured-img":"","footer-sml-layout":"","theme-transparent-header-meta":"default","adv-header-id-meta":"","stick-header-meta":"","header-above-stick-meta":"","header-main-stick-meta":"","header-below-stick-meta":"","astra-migrate-meta-layouts":"set","ast-page-background-enabled":"default","ast-page-background-meta":{"desktop":{"background-color":"var(--ast-global-color-4)","background-image":"","background-repeat":"repeat","background-position":"center center","background-size":"auto","background-attachment":"scroll","background-type":"","background-media":"","overlay-type":"","overlay-color":"","overlay-opacity":"","overlay-gradient":""},"tablet":{"background-color":"","background-image":"","background-repeat":"repeat","background-position":"center center","background-size":"auto","background-attachment":"scroll","background-type":"","background-media":"","overlay-type":"","overlay-color":"","overlay-opacity":"","overlay-gradient":""},"mobile":{"background-color":"","background-image":"","background-repeat":"repeat","background-position":"center center","background-size":"auto","background-attachment":"scroll","background-type":"","background-media":"","overlay-type":"","overlay-color":"","overlay-opacity":"","overlay-gradient":""}},"ast-content-background-meta":{"desktop":{"background-color":"var(--ast-global-color-5)","background-image":"","background-repeat":"repeat","background-position":"center center","background-size":"auto","background-attachment":"scroll","background-type":"","background-media":"","overlay-type":"","overlay-color":"","overlay-opacity":"","overlay-gradient":""},"tablet":{"background-color":"var(--ast-global-color-5)","background-image":"","background-repeat":"repeat","background-position":"center center","background-size":"auto","background-attachment":"scroll","background-type":"","background-media":"","overlay-type":"","overlay-color":"","overlay-opacity":"","overlay-gradient":""},"mobile":{"background-color":"var(--ast-global-color-5)","background-image":"","background-repeat":"repeat","background-position":"center center","background-size":"auto","background-attachment":"scroll","background-type":"","background-media":"","overlay-type":"","overlay-color":"","overlay-opacity":"","overlay-gradient":""}},"_joinchat":[]},"product_brand":[],"product_cat":[44],"product_tag":[232,221,220,230,231],"class_list":{"0":"post-1855","1":"product","2":"type-product","3":"status-publish","4":"has-post-thumbnail","6":"product_cat-accesorios","7":"product_tag-cadencia","8":"product_tag-ciclocomputador","9":"product_tag-magene","10":"product_tag-sensor","11":"product_tag-velocidad","12":"desktop-align-left","13":"tablet-align-left","14":"mobile-align-left","16":"first","17":"outofstock","18":"shipping-taxable","19":"purchasable","20":"product-type-simple"},"_links":{"self":[{"href":"https:\/\/trunkuruguay.com\/index.php\/wp-json\/wp\/v2\/product\/1855","targetHints":{"allow":["GET"]}}],"collection":[{"href":"https:\/\/trunkuruguay.com\/index.php\/wp-json\/wp\/v2\/product"}],"about":[{"href":"https:\/\/trunkuruguay.com\/index.php\/wp-json\/wp\/v2\/types\/product"}],"wp:featuredmedia":[{"embeddable":true,"href":"https:\/\/trunkuruguay.com\/index.php\/wp-json\/wp\/v2\/media\/1857"}],"wp:attachment":[{"href":"https:\/\/trunkuruguay.com\/index.php\/wp-json\/wp\/v2\/media?parent=1855"}],"wp:term":[{"taxonomy":"product_brand","embeddable":true,"href":"https:\/\/trunkuruguay.com\/index.php\/wp-json\/wp\/v2\/product_brand?post=1855"},{"taxonomy":"product_cat","embeddable":true,"href":"https:\/\/trunkuruguay.com\/index.php\/wp-json\/wp\/v2\/product_cat?post=1855"},{"taxonomy":"product_tag","embeddable":true,"href":"https:\/\/trunkuruguay.com\/index.php\/wp-json\/wp\/v2\/product_tag?post=1855"}],"curies":[{"name":"wp","href":"https:\/\/api.w.org\/{rel}","templated":true}]}}