{"id":1847,"date":"2025-03-21T11:13:01","date_gmt":"2025-03-21T14:13:01","guid":{"rendered":"https:\/\/trunkuruguay.com\/?post_type=product&#038;p=1847"},"modified":"2025-08-27T13:01:14","modified_gmt":"2025-08-27T16:01:14","slug":"soporte-para-ciclocomputador-de-potencia-de-abajo","status":"publish","type":"product","link":"https:\/\/trunkuruguay.com\/index.php\/product\/soporte-para-ciclocomputador-de-potencia-de-abajo\/","title":{"rendered":"Soporte Para Ciclocomputador de Potencia (de abajo)"},"content":{"rendered":"<p>Descripci\u00f3n:<\/p>\n<p>Pieza de extenci\u00f3n para soporte de ciclocomputador (montaje a la potencia de abajo)<\/p>\n<p>Material: aluminium alloy<\/p>\n<p>Tama\u00f1o: 142*38*5mm (articulado)<\/p>\n<p>Bases para: Cateye\/Garmin\/Bryton\/Xoss\/Magene etc.<\/p>\n<p>Montaje: Llave Hexagonal<\/p>\n<p>Peso: \u224831g (sin accesorios)<\/p>\n<p><strong>Descripci<\/strong><strong><b>\u00f3<\/b><\/strong><strong>n del producto<\/strong><strong>:<\/strong><\/p>\n<p>-Una Pieza para montar en el manillar,Luz y Ciclocomputador.<\/p>\n<p>-Angulo de ajuste 270\u00b0, para que puedas elegir el \u00e1ngulo m\u00e1s confortable.<\/p>\n<p>-Montaje central en el manillar<\/p>\n<p>-Base de pl\u00e1stico de alta resistencia para protege el veloc\u00edmetro de forma segura<\/p>\n<p>-Equipado con tres tipos de bases: las bases Cateye\/Garmin\/Bryton est\u00e1n equipadas de serie, que pueden ser compatibles con una variedad de modelos de veloc\u00edmetros.<\/p>\n<p>&nbsp;<\/p>\n<p>&nbsp;<\/p>\n<p>&nbsp;<\/p>\n<p>&nbsp;<\/p>\n<p>Descripci\u00f3n:<\/p>\n<p>Pieza de extenci\u00f3n para soporte de ciclocomputador (Agarre a la potencia &#8211; frontal)<\/p>\n<p>Material: Aluminio<\/p>\n<p>Largo: 60mm<\/p>\n<p>Bases para: Cateye\/Garmin\/Bryton\/Xoss\/Magene etc.<\/p>\n<p>Montaje: A la potencia (frontal)<\/p>\n<p>Peso: \u2248 31g<\/p>\n<p><strong>Descripci<\/strong><strong><b>\u00f3<\/b><\/strong><strong>n del producto<\/strong><strong>:<\/strong><\/p>\n<p>-Una Pieza para montar en los tornillos de la potencia el Ciclocomputador.<\/p>\n<p>-Angulo de ajuste<\/p>\n<p>-Montaje central en la potencia<\/p>\n<p>-Base de pl\u00e1stico de alta resistencia para protege el veloc\u00edmetro de forma segura<\/p>\n<p>-Equipado con tres tipos de bases: las bases Cateye\/Garmin\/Bryton est\u00e1n equipadas de serie, que pueden ser compatibles con una variedad de modelos de veloc\u00edmetros.<\/p>\n<p>&#8212;&#8212;&#8212;&#8212;&#8212;&#8212;&#8212;&#8212;&#8212;&#8212;&#8212;&#8212;&#8212;&#8212;&#8212;&#8212;&#8212;&#8212;&#8212;&#8212;&#8212;&#8212;&#8212;&#8212;&#8212;&#8212;&#8212;&#8212;&#8212;&#8212;&#8212;-<\/p>\n<p>TRUNKURUGUAY &#8211; Material de competici\u00f3n.<\/p>\n<ul>\n<li>Tienda ONLINE.<\/li>\n<li>ENV\u00cdOS A TODO EL PAIS.<\/li>\n<li>Pick Up para retiro, previa coordinaci\u00f3n (Lunes a viernes de 9:00 a 18:00 Hs).<\/li>\n<\/ul>\n<p>&#8212;&#8212;&#8212;&#8212;&#8212;&#8212;&#8212;&#8212;&#8212;&#8212;&#8212;&#8212;&#8212;&#8212;&#8212;&#8212;&#8212;&#8212;&#8212;&#8212;&#8212;&#8212;&#8212;&#8212;&#8212;&#8212;&#8212;&#8212;&#8212;&#8212;&#8212;-<\/p>\n<p>METODOS DE PAGO.<\/p>\n<p>EN NUESTRA WEB:<\/p>\n<ul>\n<li>Tarjetas de cr\u00e9dito incluidas en Mercado Pago*<\/li>\n<li>VISA &#8211; MASTERCARD &#8211; OCA &#8211; DINERS CLUB &#8211; LIDER &#8211; SCOTIA BANK.<\/li>\n<li>Red de cobranza inclu\u00eddas en Mercado Pago*<\/li>\n<li>PAYPAL<\/li>\n<\/ul>\n<p>COBRO VIA WAPP, INSTAGRAM etc:<\/p>\n<ul>\n<li>Transferencia Bancaria BROU &#8211; ITAU<\/li>\n<li>Dep\u00f3sito en ABITAB o RED PAGOS ( En todos los ABITAB o RED PAGOS se puede hacer dep\u00f3sito al BROU sin pagar comisi\u00f3n).<\/li>\n<li>Mercado Pago ( Por Whatsapp nos informas el\/los productos que deseas comprar y te enviamos el link de pago por el importe exacto).<\/li>\n<\/ul>\n<p>&#8212;&#8212;&#8212;&#8212;&#8212;&#8212;&#8212;&#8212;&#8212;&#8212;&#8212;&#8212;&#8212;&#8212;&#8212;&#8212;&#8212;&#8212;&#8212;&#8212;&#8212;&#8212;&#8212;&#8212;&#8212;&#8212;&#8212;&#8212;&#8212;&#8212;&#8212;-<\/p>\n<p>ENVIOS:<\/p>\n<ul>\n<li>ENV\u00cdOS DENTRO DE MONTEVIDEO tiene un costo de 5 d\u00f3lares.<\/li>\n<\/ul>\n<p>Se realiza en el d\u00eda haciendo la compra antes de las 17:00 hs, luego de esta hora se entrega el pr\u00f3ximo d\u00eda h\u00e1bil.<\/p>\n<ul>\n<li>ENV\u00cdOS AL INTERIOR<\/li>\n<\/ul>\n<p>Se despacha sin costo en Tres Cruces (pago de Agencia en destino) De lunes a viernes hasta las 19:00 Hs.<\/p>\n<p>&#8211; IMPORTANTE si compras en la web desde el interior (<u>NO<\/u> seleccionar la opci\u00f3n de ENVIO).<\/p>\n<p>&#8212;&#8212;&#8212;&#8212;&#8212;&#8212;&#8212;&#8212;&#8212;&#8212;&#8212;&#8212;&#8212;&#8212;&#8212;&#8212;&#8212;&#8212;&#8212;&#8212;&#8212;&#8212;&#8212;&#8212;&#8212;&#8212;&#8212;&#8212;&#8212;&#8212;&#8212;-<\/p>\n","protected":false},"excerpt":{"rendered":"<p>Pieza de extenci\u00f3n para soporte de ciclocomputador (Agarre del manillar)<\/p>\n<p>Material: Acero pl\u00e1stico<\/p>\n<p>Peso: 35g<\/p>\n<p>Tama\u00f1o: Di\u00e1metro del manillar de instalaci\u00f3n: 31,8 mm, Longitud del modelo: 9 cm\/3,54 pulgadas.<\/p>\n<p>Modelos compatibles:<\/p>\n<p>Para Blackbird: IGS216\/IGS20\/IGS50\/IGS60\/BB10<\/p>\n<p>Para Garmin: Edge 200\/500\/800\/520\/810\/1000 m\/20\/25<\/p>\n<p>Para Magene: 206\/406\/606<\/p>\n<p>Para XOSS: G\/G+<\/p>\n","protected":false},"featured_media":1848,"template":"","meta":{"site-sidebar-layout":"default","site-content-layout":"","ast-site-content-layout":"default","site-content-style":"default","site-sidebar-style":"default","ast-global-header-display":"","ast-banner-title-visibility":"","ast-main-header-display":"","ast-hfb-above-header-display":"","ast-hfb-below-header-display":"","ast-hfb-mobile-header-display":"","site-post-title":"","ast-breadcrumbs-content":"","ast-featured-img":"","footer-sml-layout":"","theme-transparent-header-meta":"default","adv-header-id-meta":"","stick-header-meta":"","header-above-stick-meta":"","header-main-stick-meta":"","header-below-stick-meta":"","astra-migrate-meta-layouts":"set","ast-page-background-enabled":"default","ast-page-background-meta":{"desktop":{"background-color":"var(--ast-global-color-4)","background-image":"","background-repeat":"repeat","background-position":"center center","background-size":"auto","background-attachment":"scroll","background-type":"","background-media":"","overlay-type":"","overlay-color":"","overlay-opacity":"","overlay-gradient":""},"tablet":{"background-color":"","background-image":"","background-repeat":"repeat","background-position":"center center","background-size":"auto","background-attachment":"scroll","background-type":"","background-media":"","overlay-type":"","overlay-color":"","overlay-opacity":"","overlay-gradient":""},"mobile":{"background-color":"","background-image":"","background-repeat":"repeat","background-position":"center center","background-size":"auto","background-attachment":"scroll","background-type":"","background-media":"","overlay-type":"","overlay-color":"","overlay-opacity":"","overlay-gradient":""}},"ast-content-background-meta":{"desktop":{"background-color":"var(--ast-global-color-5)","background-image":"","background-repeat":"repeat","background-position":"center center","background-size":"auto","background-attachment":"scroll","background-type":"","background-media":"","overlay-type":"","overlay-color":"","overlay-opacity":"","overlay-gradient":""},"tablet":{"background-color":"var(--ast-global-color-5)","background-image":"","background-repeat":"repeat","background-position":"center center","background-size":"auto","background-attachment":"scroll","background-type":"","background-media":"","overlay-type":"","overlay-color":"","overlay-opacity":"","overlay-gradient":""},"mobile":{"background-color":"var(--ast-global-color-5)","background-image":"","background-repeat":"repeat","background-position":"center center","background-size":"auto","background-attachment":"scroll","background-type":"","background-media":"","overlay-type":"","overlay-color":"","overlay-opacity":"","overlay-gradient":""}},"_joinchat":[]},"product_brand":[],"product_cat":[44],"product_tag":[191,221,193,190,168],"class_list":{"0":"post-1847","1":"product","2":"type-product","3":"status-publish","4":"has-post-thumbnail","6":"product_cat-accesorios","7":"product_tag-avance","8":"product_tag-ciclocomputador","9":"product_tag-manillar","10":"product_tag-potencia","11":"product_tag-soporte","12":"desktop-align-left","13":"tablet-align-left","14":"mobile-align-left","16":"first","17":"instock","18":"shipping-taxable","19":"purchasable","20":"product-type-simple"},"_links":{"self":[{"href":"https:\/\/trunkuruguay.com\/index.php\/wp-json\/wp\/v2\/product\/1847","targetHints":{"allow":["GET"]}}],"collection":[{"href":"https:\/\/trunkuruguay.com\/index.php\/wp-json\/wp\/v2\/product"}],"about":[{"href":"https:\/\/trunkuruguay.com\/index.php\/wp-json\/wp\/v2\/types\/product"}],"wp:featuredmedia":[{"embeddable":true,"href":"https:\/\/trunkuruguay.com\/index.php\/wp-json\/wp\/v2\/media\/1848"}],"wp:attachment":[{"href":"https:\/\/trunkuruguay.com\/index.php\/wp-json\/wp\/v2\/media?parent=1847"}],"wp:term":[{"taxonomy":"product_brand","embeddable":true,"href":"https:\/\/trunkuruguay.com\/index.php\/wp-json\/wp\/v2\/product_brand?post=1847"},{"taxonomy":"product_cat","embeddable":true,"href":"https:\/\/trunkuruguay.com\/index.php\/wp-json\/wp\/v2\/product_cat?post=1847"},{"taxonomy":"product_tag","embeddable":true,"href":"https:\/\/trunkuruguay.com\/index.php\/wp-json\/wp\/v2\/product_tag?post=1847"}],"curies":[{"name":"wp","href":"https:\/\/api.w.org\/{rel}","templated":true}]}}