{"id":1750,"date":"2024-12-17T10:37:32","date_gmt":"2024-12-17T13:37:32","guid":{"rendered":"https:\/\/trunkuruguay.com\/?post_type=product&#038;p=1750"},"modified":"2026-01-05T17:28:06","modified_gmt":"2026-01-05T20:28:06","slug":"conjunto-ciclocomputador-magene-c206-pro-2-sensores-magene-s3-brazo-soporte","status":"publish","type":"product","link":"https:\/\/trunkuruguay.com\/index.php\/product\/conjunto-ciclocomputador-magene-c206-pro-2-sensores-magene-s3-brazo-soporte\/","title":{"rendered":"Conjunto Ciclocomputador Magene C206 PRO + 2 Sensores Magene S3 + Brazo Soporte"},"content":{"rendered":"<p><b>Conjunto Ciclocomputador C206 PRO inteligente con GPS + 2 Sensores Magene (S3+) Velocidad\/Cadencia + Brazo de montaje<\/b><\/p>\n<p><i><b>Ciclocomputador C206 PRO <\/b><\/i><\/p>\n<p>La serie C206 de Magene se encuentra entre las computadoras para bicicleta que admiten la mayor cantidad de elementos de datos en el mismo rango de precio. La pantalla infinita mejora su experiencia con configuraciones de p\u00e1gina de datos altamente libres. El bot\u00f3n C (Derecha) se puede personalizar, la luz de fondo autom\u00e1tica, la calibraci\u00f3n autom\u00e1tica y m\u00e1s funciones auxiliares lo ayudan a desempe\u00f1arse mejor.<\/p>\n<p>Datos y configuraciones completos y enriquecidos<\/p>\n<p>C206 Pro tiene un total de 29 elementos de datos opcionales en 9 categor\u00edas y 25 elementos de configuraci\u00f3n de computadora para bicicleta.<\/p>\n<p>Dise\u00f1o de \u201cpantalla infinita\u201d, supera los l\u00edmites seg\u00fan tus necesidades<\/p>\n<p>Las computadoras para bicicleta C206 Pro contin\u00faan con el dise\u00f1o de \u201cpantalla infinita\u201d de la computadora para bicicleta de la serie C406<\/p>\n<p>Mejora tu experiencia con configuraciones de p\u00e1gina de datos altamente libres<\/p>\n<p>Hasta 10 p\u00e1ginas de datos para configuraci\u00f3n<\/p>\n<p>Se pueden configurar hasta 5 elementos de datos en cada p\u00e1gina<\/p>\n<p>Hasta 9 opciones de datos para cada elemento<\/p>\n<p>Las pantallas de la C206 Pro est\u00e1n hechas de material FSTN de alto rendimiento de 1,9 pulgadas, lo que te proporciona un mejor \u00e1ngulo de visi\u00f3n, contraste y velocidad de respuesta.<\/p>\n<p>Dise\u00f1o personalizado de \u201cbot\u00f3n C \u2013 a la derecha\u201d<\/p>\n<p>Conectada a la aplicaci\u00f3n OnelapFit, la C206 Pro se pueden personalizar para configurar el \u201cbot\u00f3n C\u201d con dos funciones opcionales: \u201cRetroiluminaci\u00f3n encendida\/apagada\u201d y \u201cConteo de vueltas\u201d. Un bot\u00f3n satisfar\u00e1 sus diversas necesidades.<\/p>\n<p>Retroiluminaci\u00f3n autom\u00e1tica Calibraci\u00f3n autom\u00e1tica de la hora<\/p>\n<p>Calcula la hora del amanecer y del atardecer en funci\u00f3n de la informaci\u00f3n del GPS, con la retroiluminaci\u00f3n encendida autom\u00e1ticamente por la noche cuando est\u00e1 encendida. Admite calibraci\u00f3n autom\u00e1tica de la hora con Bluetooth y GPS para mostrar la hora exacta.<\/p>\n<p><i><b>Sensor de modo dual velocidad\/cadencia S3+<\/b><\/i><\/p>\n<p>El sensor S3+ es la versi\u00f3n actualizada del GEMINI 200. Al reinstalar la bater\u00eda, puede cambiar el dispositivo entre los modos de sensor de velocidad y sensor de cadencia. Al admitir la conexi\u00f3n a trav\u00e9s de ANT+\u2122 y Bluetooth, S3+ puede registrar datos con precisi\u00f3n, lo que lo convierte en el mejor compa\u00f1ero para una amplia gama de computadoras GPS y aplicaciones para tel\u00e9fonos inteligentes.<\/p>\n<p>Preciso, conveniente<\/p>\n<p>Con un nuevo chip de sensor geomagn\u00e9tico en el interior, S3+ no necesita imanes externos pero a\u00fan as\u00ed proporciona datos precisos. Se optimizo la tapa de la bater\u00eda y los contactos de la bater\u00eda para un uso m\u00e1s conveniente. Se refinaron los peque\u00f1os detalles para brindarle una mejor experiencia.<\/p>\n<p>M\u00faltiples funciones<\/p>\n<p>La compatibilidad con el protocolo dual ANT+\u2122 y Bluetooth lo hace compatible con el 90% de los equipos de entrenamiento del mercado y admite la conexi\u00f3n simult\u00e1nea de diferentes protocolos entre dos dispositivos, lo que le permite realizar m\u00faltiples registros de un solo entrenamiento.<\/p>\n<p>Satisface todas sus necesidades<\/p>\n<p>Cuerpo m\u00e1s peque\u00f1o, mayor duraci\u00f3n de la bater\u00eda: 8,4 mm de grosor y solo 8,8 g. Con una bater\u00eda CR2032 en el interior, la duraci\u00f3n de la bater\u00eda puede alcanzar hasta 500 horas. Nunca dejes de andar en bicicleta.<\/p>\n<p>Impermeable, sin miedo a los elementos: la impermeabilidad IP66 puede satisfacer tus necesidades diarias, sin necesidad de temer al clima.<\/p>\n<p><i><b>Brazo de montaje<\/b><\/i><\/p>\n<p>El soporte frontal para bicicleta es compatible con Computadoras Magene\/Garmin\/XOSS\/Black Beard\/iGPS etc., todas las computadoras de ciclismo con GPS Magene.<\/p>\n<p>El soporte frontal para bicicleta est\u00e1 hecho de pl\u00e1stico de alta calidad. Con un dise\u00f1o ergon\u00f3mico, este soporte para computadora de bicicleta pesa solo 35 g y se extiende 70 mm.<\/p>\n<p>Especificaciones:<\/p>\n<p>Marca: Magene<\/p>\n<p>Nombre del modelo: MG 03002<\/p>\n<p>Peso: 35 g<\/p>\n<p>Di\u00e1metro de tubo manillar: 31,8 mm<\/p>\n<p>Longitud de extensi\u00f3n: 70 mm<\/p>\n<p>Producto compatible: Todas las computadoras de ciclismo con GPS Magene\/Garmin\/XOSS\/Black Beard\/iGPS<\/p>\n<p>&#8212;&#8212;&#8212;&#8212;&#8212;&#8212;&#8212;&#8212;&#8212;&#8212;&#8212;&#8212;&#8212;&#8212;&#8212;&#8212;&#8212;&#8212;&#8212;&#8212;&#8212;&#8212;&#8212;&#8212;&#8212;&#8212;&#8212;&#8212;&#8212;&#8212;&#8212;-<\/p>\n<p>TRUNKURUGUAY &#8211; Material de competici\u00f3n.<\/p>\n<ul>\n<li>Tienda ONLINE.<\/li>\n<li>ENV\u00cdOS A TODO EL PAIS.<\/li>\n<li>Pick Up para retiro, previa coordinaci\u00f3n (Lunes a viernes de 9:00 a 18:00 Hs).<\/li>\n<\/ul>\n<p>&#8212;&#8212;&#8212;&#8212;&#8212;&#8212;&#8212;&#8212;&#8212;&#8212;&#8212;&#8212;&#8212;&#8212;&#8212;&#8212;&#8212;&#8212;&#8212;&#8212;&#8212;&#8212;&#8212;&#8212;&#8212;&#8212;&#8212;&#8212;&#8212;&#8212;&#8212;-<\/p>\n<p>METODOS DE PAGO.<\/p>\n<p>EN NUESTRA WEB:<\/p>\n<ul>\n<li>Tarjetas de cr\u00e9dito incluidas en Mercado Pago*<\/li>\n<li>VISA &#8211; MASTERCARD &#8211; OCA &#8211; DINERS CLUB &#8211; LIDER &#8211; SCOTIA BANK.<\/li>\n<li>Red de cobranza inclu\u00eddas en Mercado Pago*<\/li>\n<li>PAYPAL<\/li>\n<\/ul>\n<p>COBRO VIA WAPP, INSTAGRAM etc:<\/p>\n<ul>\n<li>Transferencia Bancaria BROU &#8211; ITAU<\/li>\n<li>Dep\u00f3sito en ABITAB o RED PAGOS ( En todos los ABITAB o RED PAGOS se puede hacer dep\u00f3sito al BROU sin pagar comisi\u00f3n).<\/li>\n<li>Mercado Pago ( Por Whatsapp nos informas el\/los productos que deseas comprar y te enviamos el link de pago por el importe exacto).<\/li>\n<\/ul>\n<p>&#8212;&#8212;&#8212;&#8212;&#8212;&#8212;&#8212;&#8212;&#8212;&#8212;&#8212;&#8212;&#8212;&#8212;&#8212;&#8212;&#8212;&#8212;&#8212;&#8212;&#8212;&#8212;&#8212;&#8212;&#8212;&#8212;&#8212;&#8212;&#8212;&#8212;&#8212;-<\/p>\n<p>ENVIOS:<\/p>\n<ul>\n<li>ENV\u00cdOS DENTRO DE MONTEVIDEO tiene un costo de 5 d\u00f3lares.<\/li>\n<\/ul>\n<p>Se realiza en el d\u00eda haciendo la compra antes de las 17:00 hs, luego de esta hora se entrega el pr\u00f3ximo d\u00eda h\u00e1bil.<\/p>\n<ul>\n<li>ENV\u00cdOS AL INTERIOR<\/li>\n<\/ul>\n<p>Se despacha sin costo en Tres Cruces (pago de Agencia en destino) De lunes a viernes hasta las 19:00 Hs.<\/p>\n<p>&#8211; IMPORTANTE si compras en la web desde el interior (<u>NO<\/u> seleccionar la opci\u00f3n de ENVIO).<\/p>\n<p>&#8212;&#8212;&#8212;&#8212;&#8212;&#8212;&#8212;&#8212;&#8212;&#8212;&#8212;&#8212;&#8212;&#8212;&#8212;&#8212;&#8212;&#8212;&#8212;&#8212;&#8212;&#8212;&#8212;&#8212;&#8212;&#8212;&#8212;&#8212;&#8212;&#8212;&#8212;-<\/p>\n","protected":false},"excerpt":{"rendered":"<p><b>Conjunto Ciclocomputador C206 PRO inteligente con GPS + 2 Sensores Magene (S3+) Velocidad\/Cadencia + Brazo de montaje <i>(largo 70mm para manillar de 31,8mm)<\/i><\/b><\/p>\n<p>&nbsp;<\/p>\n","protected":false},"featured_media":1757,"template":"","meta":{"site-sidebar-layout":"default","site-content-layout":"","ast-site-content-layout":"default","site-content-style":"default","site-sidebar-style":"default","ast-global-header-display":"","ast-banner-title-visibility":"","ast-main-header-display":"","ast-hfb-above-header-display":"","ast-hfb-below-header-display":"","ast-hfb-mobile-header-display":"","site-post-title":"","ast-breadcrumbs-content":"","ast-featured-img":"","footer-sml-layout":"","theme-transparent-header-meta":"default","adv-header-id-meta":"","stick-header-meta":"","header-above-stick-meta":"","header-main-stick-meta":"","header-below-stick-meta":"","astra-migrate-meta-layouts":"set","ast-page-background-enabled":"default","ast-page-background-meta":{"desktop":{"background-color":"var(--ast-global-color-4)","background-image":"","background-repeat":"repeat","background-position":"center center","background-size":"auto","background-attachment":"scroll","background-type":"","background-media":"","overlay-type":"","overlay-color":"","overlay-opacity":"","overlay-gradient":""},"tablet":{"background-color":"","background-image":"","background-repeat":"repeat","background-position":"center center","background-size":"auto","background-attachment":"scroll","background-type":"","background-media":"","overlay-type":"","overlay-color":"","overlay-opacity":"","overlay-gradient":""},"mobile":{"background-color":"","background-image":"","background-repeat":"repeat","background-position":"center center","background-size":"auto","background-attachment":"scroll","background-type":"","background-media":"","overlay-type":"","overlay-color":"","overlay-opacity":"","overlay-gradient":""}},"ast-content-background-meta":{"desktop":{"background-color":"var(--ast-global-color-5)","background-image":"","background-repeat":"repeat","background-position":"center center","background-size":"auto","background-attachment":"scroll","background-type":"","background-media":"","overlay-type":"","overlay-color":"","overlay-opacity":"","overlay-gradient":""},"tablet":{"background-color":"var(--ast-global-color-5)","background-image":"","background-repeat":"repeat","background-position":"center center","background-size":"auto","background-attachment":"scroll","background-type":"","background-media":"","overlay-type":"","overlay-color":"","overlay-opacity":"","overlay-gradient":""},"mobile":{"background-color":"var(--ast-global-color-5)","background-image":"","background-repeat":"repeat","background-position":"center center","background-size":"auto","background-attachment":"scroll","background-type":"","background-media":"","overlay-type":"","overlay-color":"","overlay-opacity":"","overlay-gradient":""}},"_joinchat":[]},"product_brand":[],"product_cat":[44],"product_tag":[223,221,220,222],"class_list":{"0":"post-1750","1":"product","2":"type-product","3":"status-publish","4":"has-post-thumbnail","6":"product_cat-accesorios","7":"product_tag-brazo","8":"product_tag-ciclocomputador","9":"product_tag-magene","10":"product_tag-sensores","11":"desktop-align-left","12":"tablet-align-left","13":"mobile-align-left","15":"first","16":"outofstock","17":"shipping-taxable","18":"purchasable","19":"product-type-simple"},"_links":{"self":[{"href":"https:\/\/trunkuruguay.com\/index.php\/wp-json\/wp\/v2\/product\/1750","targetHints":{"allow":["GET"]}}],"collection":[{"href":"https:\/\/trunkuruguay.com\/index.php\/wp-json\/wp\/v2\/product"}],"about":[{"href":"https:\/\/trunkuruguay.com\/index.php\/wp-json\/wp\/v2\/types\/product"}],"wp:featuredmedia":[{"embeddable":true,"href":"https:\/\/trunkuruguay.com\/index.php\/wp-json\/wp\/v2\/media\/1757"}],"wp:attachment":[{"href":"https:\/\/trunkuruguay.com\/index.php\/wp-json\/wp\/v2\/media?parent=1750"}],"wp:term":[{"taxonomy":"product_brand","embeddable":true,"href":"https:\/\/trunkuruguay.com\/index.php\/wp-json\/wp\/v2\/product_brand?post=1750"},{"taxonomy":"product_cat","embeddable":true,"href":"https:\/\/trunkuruguay.com\/index.php\/wp-json\/wp\/v2\/product_cat?post=1750"},{"taxonomy":"product_tag","embeddable":true,"href":"https:\/\/trunkuruguay.com\/index.php\/wp-json\/wp\/v2\/product_tag?post=1750"}],"curies":[{"name":"wp","href":"https:\/\/api.w.org\/{rel}","templated":true}]}}